{"id":15239,"date":"2022-12-29T22:29:12","date_gmt":"2022-12-29T18:29:12","guid":{"rendered":"https:\/\/intour.lizin.am\/vayots-dzor-marz\/"},"modified":"2023-01-23T23:45:18","modified_gmt":"2023-01-23T19:45:18","slug":"vayots-dzor-marz","status":"publish","type":"page","link":"https:\/\/armintour.com\/it\/vayots-dzor-marz\/","title":{"rendered":"Vayots Dzor Marz"},"content":{"rendered":"<section class=\"l-section wpb_row height_small\"><div class=\"l-section-h i-cf\"><div class=\"g-cols vc_row via_grid cols_1 laptops-cols_inherit tablets-cols_inherit mobiles-cols_1 valign_top type_default stacking_default\"><div class=\"wpb_column vc_column_container\"><div class=\"vc_column-inner\"><div class=\"wpb_text_column\"><div class=\"wpb_wrapper\"><p>2308 zona di km quadrati<br \/>\n75.939 ettari terreno agricolo<br \/>\ncompresi 19.857 ettari di terreno coltivabile<br \/>\n<strong>Popolazione:<\/strong> 50,800 mila di persone (2016)<\/p>\n<\/div><\/div><\/div><\/div><\/div><\/div><\/section><section class=\"l-section wpb_row height_small\"><div class=\"l-section-h i-cf\"><div class=\"g-cols vc_row via_grid cols_1 laptops-cols_inherit tablets-cols_inherit mobiles-cols_1 valign_top type_default stacking_default\"><div class=\"wpb_column vc_column_container\"><div class=\"vc_column-inner\"><div class=\"wpb_text_column\"><div class=\"wpb_wrapper\"><p>Vayots Dzor \u00e8 uno dei marzes del sud dell\u2019Armenia. La maggior parte del suo territorio \u00e8 altopiano, senza boschi e solo il 20% del suolo \u00e8 coltivato. La provincia \u00e8 1000-2300 m di altezza sopra il livello del mare. I fiumi di Yeghegia ed Arpa corrono a lungo del territorio del Marz. Il centro di marz Yeghegnadzor \u00e8 situato sulla riva del fiume Arpa.<br \/>\nA Yeghegnadzor sono conservati i monumenti dal I millennio a.C. al XVII sec. ed \u00e8 il Museo di etnografia regionale.<br \/>\nC\u2019\u00e8 anche una Galleria d\u2019Arte, un parco intitolato da Momik e sugli altipiani dell\u2019est si trova l\u2019Universit\u00e0 di Gladzor con il suo museo di storia, fondata nel XIII-XIV ss.<br \/>\nIl complesso monastico di Noravank (XII-XVI sec.) si trova in Noravank canyon nella parte meridionale del Marz. Il canyon \u00e8 ricco di flora rare, erbe mediche, frutti di bosco, sorgenti ed animali vari. C\u2019\u00e8 un Parco Nazionale, dove un gruppo di grotte con un certo interesse speleologico.<br \/>\nNel Marz si pu\u00f2 trovare anche molti resti di antichi insediamenti come Yeghegis (V-XIII sec.), Mogh (II millennio a.C.-XV sec. d.C.), il famoso Proshaberd (XIII sec.), Smbataberd (X-XIII sec .), la fortezza di Berdakar (Vs.) e Kechout (X-XIV sec.).<br \/>\nJermuk \u00e8 una piccola localit\u00e0 nella zona di clima favorevole, con estati fresche ed inverni miti. Jermuk \u00e8 circondato da boschi e prati alpini. La stazione della celebrit\u00e0 internazionale e famosa importanza \u00e8 all\u2019altezza di 2080 m sul livello del mare, sul fiume Arpa.<\/p>\n<\/div><\/div><\/div><\/div><\/div><\/div><\/section><section class=\"l-section wpb_row height_small\"><div class=\"l-section-h i-cf\"><div class=\"g-cols vc_row via_grid cols_1 laptops-cols_inherit tablets-cols_inherit mobiles-cols_1 valign_top type_default stacking_default\"><div class=\"wpb_column vc_column_container\"><div class=\"vc_column-inner\"><div class=\"w-slider style_none fit_contain nav_dots count_27\"><div class=\"w-slider-h\" aria-hidden=\"true\"><div class=\"royalSlider\"><div class=\"rsContent\"><a class=\"rsImg\" data-rsw=\"2000\" data-rsh=\"1339\" data-rsBigImg=\"https:\/\/armintour.com\/wp-content\/uploads\/2022\/12\/Lucy-Yeghegnadzor.jpg\" href=\"https:\/\/armintour.com\/wp-content\/uploads\/2022\/12\/Lucy-Yeghegnadzor.jpg\"><span data-alt=\"\"><\/span><\/a><\/div><div class=\"rsContent\"><a class=\"rsImg\" data-rsw=\"2048\" data-rsh=\"1365\" data-rsBigImg=\"https:\/\/armintour.com\/wp-content\/uploads\/2022\/12\/Noravank-Monastery-.jpg\" href=\"https:\/\/armintour.com\/wp-content\/uploads\/2022\/12\/Noravank-Monastery-.jpg\"><span data-alt=\"\"><\/span><\/a><\/div><div class=\"rsContent\"><a class=\"rsImg\" data-rsw=\"1200\" data-rsh=\"943\" data-rsBigImg=\"https:\/\/armintour.com\/wp-content\/uploads\/2022\/12\/1-2.jpg\" href=\"https:\/\/armintour.com\/wp-content\/uploads\/2022\/12\/1-2.jpg\"><span data-alt=\"\"><\/span><\/a><\/div><div class=\"rsContent\"><a class=\"rsImg\" data-rsw=\"2048\" data-rsh=\"1365\" data-rsBigImg=\"https:\/\/armintour.com\/wp-content\/uploads\/2022\/12\/14753794_1175686029191654_623428914086309795_o.jpg\" href=\"https:\/\/armintour.com\/wp-content\/uploads\/2022\/12\/14753794_1175686029191654_623428914086309795_o.jpg\"><span data-alt=\"\"><\/span><\/a><\/div><div class=\"rsContent\"><a class=\"rsImg\" data-rsw=\"800\" data-rsh=\"600\" data-rsBigImg=\"https:\/\/armintour.com\/wp-content\/uploads\/2022\/12\/a-monastery-and-monastic-brotherhood.jpg\" href=\"https:\/\/armintour.com\/wp-content\/uploads\/2022\/12\/a-monastery-and-monastic-brotherhood.jpg\"><span data-alt=\"\"><\/span><\/a><\/div><div class=\"rsContent\"><a class=\"rsImg\" data-rsw=\"1250\" data-rsh=\"834\" data-rsBigImg=\"https:\/\/armintour.com\/wp-content\/uploads\/2022\/12\/Noravank.jpg\" href=\"https:\/\/armintour.com\/wp-content\/uploads\/2022\/12\/Noravank.jpg\"><span data-alt=\"\"><\/span><\/a><\/div><div class=\"rsContent\"><a class=\"rsImg\" data-rsw=\"1400\" data-rsh=\"600\" data-rsBigImg=\"https:\/\/armintour.com\/wp-content\/uploads\/2022\/12\/Vayots-Dzor-Noravank-1.jpg\" href=\"https:\/\/armintour.com\/wp-content\/uploads\/2022\/12\/Vayots-Dzor-Noravank-1.jpg\"><span data-alt=\"\"><\/span><\/a><\/div><div class=\"rsContent\"><a class=\"rsImg\" data-rsw=\"2000\" data-rsh=\"1333\" data-rsBigImg=\"https:\/\/armintour.com\/wp-content\/uploads\/2022\/12\/Arpa_river_Landscape_from_Jermuk_Armenia.jpg\" href=\"https:\/\/armintour.com\/wp-content\/uploads\/2022\/12\/Arpa_river_Landscape_from_Jermuk_Armenia.jpg\"><span data-alt=\"\"><\/span><\/a><\/div><div class=\"rsContent\"><a class=\"rsImg\" data-rsw=\"2000\" data-rsh=\"1500\" data-rsBigImg=\"https:\/\/armintour.com\/wp-content\/uploads\/2022\/12\/berdakar-mountain.jpg\" href=\"https:\/\/armintour.com\/wp-content\/uploads\/2022\/12\/berdakar-mountain.jpg\"><span data-alt=\"\"><\/span><\/a><\/div><div class=\"rsContent\"><a class=\"rsImg\" data-rsw=\"1200\" data-rsh=\"900\" data-rsBigImg=\"https:\/\/armintour.com\/wp-content\/uploads\/2022\/12\/gladzor-university-historical.jpg\" href=\"https:\/\/armintour.com\/wp-content\/uploads\/2022\/12\/gladzor-university-historical.jpg\"><span data-alt=\"\"><\/span><\/a><\/div><div class=\"rsContent\"><a class=\"rsImg\" data-rsw=\"1125\" data-rsh=\"1500\" data-rsBigImg=\"https:\/\/armintour.com\/wp-content\/uploads\/2022\/12\/gladzor-university-historical-1.jpg\" href=\"https:\/\/armintour.com\/wp-content\/uploads\/2022\/12\/gladzor-university-historical-1.jpg\"><span data-alt=\"\"><\/span><\/a><\/div><div class=\"rsContent\"><a class=\"rsImg\" data-rsw=\"1200\" data-rsh=\"1200\" data-rsBigImg=\"https:\/\/armintour.com\/wp-content\/uploads\/2022\/12\/gladzor-university-historical-2.jpg\" href=\"https:\/\/armintour.com\/wp-content\/uploads\/2022\/12\/gladzor-university-historical-2.jpg\"><span data-alt=\"\"><\/span><\/a><\/div><div class=\"rsContent\"><a class=\"rsImg\" data-rsw=\"2000\" data-rsh=\"1500\" data-rsBigImg=\"https:\/\/armintour.com\/wp-content\/uploads\/2022\/12\/jermouk_canyon.jpg\" href=\"https:\/\/armintour.com\/wp-content\/uploads\/2022\/12\/jermouk_canyon.jpg\"><span data-alt=\"\"><\/span><\/a><\/div><div class=\"rsContent\"><a class=\"rsImg\" data-rsw=\"2000\" data-rsh=\"1333\" data-rsBigImg=\"https:\/\/armintour.com\/wp-content\/uploads\/2022\/12\/Jermuk_Waterfall.jpg\" href=\"https:\/\/armintour.com\/wp-content\/uploads\/2022\/12\/Jermuk_Waterfall.jpg\"><span data-alt=\"\"><\/span><\/a><\/div><div class=\"rsContent\"><a class=\"rsImg\" data-rsw=\"1200\" data-rsh=\"799\" data-rsBigImg=\"https:\/\/armintour.com\/wp-content\/uploads\/2022\/12\/Proshaberd-XIII-c..jpg\" href=\"https:\/\/armintour.com\/wp-content\/uploads\/2022\/12\/Proshaberd-XIII-c..jpg\"><span data-alt=\"\"><\/span><\/a><\/div><div class=\"rsContent\"><a class=\"rsImg\" data-rsw=\"2000\" data-rsh=\"1500\" data-rsBigImg=\"https:\/\/armintour.com\/wp-content\/uploads\/2022\/12\/Reka_Arpa.jpg\" href=\"https:\/\/armintour.com\/wp-content\/uploads\/2022\/12\/Reka_Arpa.jpg\"><span data-alt=\"\"><\/span><\/a><\/div><div class=\"rsContent\"><a class=\"rsImg\" data-rsw=\"2000\" data-rsh=\"1339\" data-rsBigImg=\"https:\/\/armintour.com\/wp-content\/uploads\/2022\/12\/Shatin-Yeghegis.jpg\" href=\"https:\/\/armintour.com\/wp-content\/uploads\/2022\/12\/Shatin-Yeghegis.jpg\"><span data-alt=\"\"><\/span><\/a><\/div><div class=\"rsContent\"><a class=\"rsImg\" data-rsw=\"900\" data-rsh=\"600\" data-rsBigImg=\"https:\/\/armintour.com\/wp-content\/uploads\/2022\/12\/Smbataberd.jpg\" href=\"https:\/\/armintour.com\/wp-content\/uploads\/2022\/12\/Smbataberd.jpg\"><span data-alt=\"\"><\/span><\/a><\/div><div class=\"rsContent\"><a class=\"rsImg\" data-rsw=\"800\" data-rsh=\"594\" data-rsBigImg=\"https:\/\/armintour.com\/wp-content\/uploads\/2022\/12\/Things-to-do-in-Yeghegnadzor-4.jpg\" href=\"https:\/\/armintour.com\/wp-content\/uploads\/2022\/12\/Things-to-do-in-Yeghegnadzor-4.jpg\"><span data-alt=\"\"><\/span><\/a><\/div><div class=\"rsContent\"><a class=\"rsImg\" data-rsw=\"900\" data-rsh=\"600\" data-rsBigImg=\"https:\/\/armintour.com\/wp-content\/uploads\/2022\/12\/vayots-dzor.jpg\" href=\"https:\/\/armintour.com\/wp-content\/uploads\/2022\/12\/vayots-dzor.jpg\"><span data-alt=\"\"><\/span><\/a><\/div><div class=\"rsContent\"><a class=\"rsImg\" data-rsw=\"1024\" data-rsh=\"683\" data-rsBigImg=\"https:\/\/armintour.com\/wp-content\/uploads\/2022\/12\/Vayots-Dzor-2.jpg\" href=\"https:\/\/armintour.com\/wp-content\/uploads\/2022\/12\/Vayots-Dzor-2.jpg\"><span data-alt=\"\"><\/span><\/a><\/div><div class=\"rsContent\"><a class=\"rsImg\" data-rsw=\"1200\" data-rsh=\"800\" data-rsBigImg=\"https:\/\/armintour.com\/wp-content\/uploads\/2022\/12\/Vayots-Dzor-Noravank-3.jpg\" href=\"https:\/\/armintour.com\/wp-content\/uploads\/2022\/12\/Vayots-Dzor-Noravank-3.jpg\"><span data-alt=\"\"><\/span><\/a><\/div><div class=\"rsContent\"><a class=\"rsImg\" data-rsw=\"2000\" data-rsh=\"748\" data-rsBigImg=\"https:\/\/armintour.com\/wp-content\/uploads\/2022\/12\/Village_armenien_Yeghegnadzor.jpg\" href=\"https:\/\/armintour.com\/wp-content\/uploads\/2022\/12\/Village_armenien_Yeghegnadzor.jpg\"><span data-alt=\"\"><\/span><\/a><\/div><div class=\"rsContent\"><a class=\"rsImg\" data-rsw=\"1650\" data-rsh=\"1093\" data-rsBigImg=\"https:\/\/armintour.com\/wp-content\/uploads\/2022\/12\/Yeghegis-1.jpeg\" href=\"https:\/\/armintour.com\/wp-content\/uploads\/2022\/12\/Yeghegis-1.jpeg\"><span data-alt=\"\"><\/span><\/a><\/div><div class=\"rsContent\"><a class=\"rsImg\" data-rsw=\"1440\" data-rsh=\"1438\" data-rsBigImg=\"https:\/\/armintour.com\/wp-content\/uploads\/2022\/12\/yeghegnadzor-Art-Gallery.jpg\" href=\"https:\/\/armintour.com\/wp-content\/uploads\/2022\/12\/yeghegnadzor-Art-Gallery.jpg\"><span data-alt=\"\"><\/span><\/a><\/div><div class=\"rsContent\"><a class=\"rsImg\" data-rsw=\"1080\" data-rsh=\"608\" data-rsBigImg=\"https:\/\/armintour.com\/wp-content\/uploads\/2022\/12\/Yeghegnadzor-Regional-Museum.jpg\" href=\"https:\/\/armintour.com\/wp-content\/uploads\/2022\/12\/Yeghegnadzor-Regional-Museum.jpg\"><span data-alt=\"\"><\/span><\/a><\/div><div class=\"rsContent\"><a class=\"rsImg\" data-rsw=\"952\" data-rsh=\"535\" data-rsBigImg=\"https:\/\/armintour.com\/wp-content\/uploads\/2022\/12\/Yeghegnadzor_landscape3.jpg\" href=\"https:\/\/armintour.com\/wp-content\/uploads\/2022\/12\/Yeghegnadzor_landscape3.jpg\"><span data-alt=\"\"><\/span><\/a><\/div><\/div><img decoding=\"async\" src=\"https:\/\/armintour.com\/wp-content\/uploads\/2022\/12\/Lucy-Yeghegnadzor.jpg\" width=\"2000\" height=\"1339\" alt loading=\"lazy\"><\/div><div class=\"w-slider-json\" onclick='return {&quot;autoScaleSlider&quot;:true,&quot;addActiveClass&quot;:true,&quot;loop&quot;:true,&quot;fadeInLoadedSlide&quot;:false,&quot;slidesSpacing&quot;:0,&quot;imageScalePadding&quot;:0,&quot;numImagesToPreload&quot;:2,&quot;arrowsNav&quot;:false,&quot;arrowsNavAutoHide&quot;:false,&quot;transitionType&quot;:&quot;move&quot;,&quot;transitionSpeed&quot;:250,&quot;block&quot;:{&quot;moveEffect&quot;:&quot;none&quot;,&quot;speed&quot;:300},&quot;thumbs&quot;:{&quot;fitInViewport&quot;:false,&quot;firstMargin&quot;:false,&quot;spacing&quot;:4},&quot;controlNavigation&quot;:&quot;bullets&quot;,&quot;autoplay&quot;:{&quot;enabled&quot;:true,&quot;pauseOnHover&quot;:false,&quot;delay&quot;:3000},&quot;fullscreen&quot;:{&quot;enabled&quot;:true},&quot;autoScaleSliderWidth&quot;:2000,&quot;autoScaleSliderHeight&quot;:1339}'><\/div><\/div><\/div><\/div><\/div><\/div><\/section>\n","protected":false},"excerpt":{"rendered":"2308 zona di km quadrati 75.939 ettari terreno agricolo compresi 19.857 ettari di terreno coltivabile Popolazione: 50,800 mila di persone (2016) Vayots Dzor \u00e8 uno dei marzes del sud dell\u2019Armenia. La maggior parte del suo territorio \u00e8 altopiano, senza boschi e solo il 20% del suolo \u00e8 coltivato. La provincia \u00e8 1000-2300 m di altezza...","protected":false},"author":1,"featured_media":15135,"parent":0,"menu_order":0,"comment_status":"closed","ping_status":"closed","template":"","meta":{"footnotes":""},"class_list":["post-15239","page","type-page","status-publish","has-post-thumbnail","hentry"],"_links":{"self":[{"href":"https:\/\/armintour.com\/it\/wp-json\/wp\/v2\/pages\/15239","targetHints":{"allow":["GET"]}}],"collection":[{"href":"https:\/\/armintour.com\/it\/wp-json\/wp\/v2\/pages"}],"about":[{"href":"https:\/\/armintour.com\/it\/wp-json\/wp\/v2\/types\/page"}],"author":[{"embeddable":true,"href":"https:\/\/armintour.com\/it\/wp-json\/wp\/v2\/users\/1"}],"replies":[{"embeddable":true,"href":"https:\/\/armintour.com\/it\/wp-json\/wp\/v2\/comments?post=15239"}],"version-history":[{"count":3,"href":"https:\/\/armintour.com\/it\/wp-json\/wp\/v2\/pages\/15239\/revisions"}],"predecessor-version":[{"id":24906,"href":"https:\/\/armintour.com\/it\/wp-json\/wp\/v2\/pages\/15239\/revisions\/24906"}],"wp:featuredmedia":[{"embeddable":true,"href":"https:\/\/armintour.com\/it\/wp-json\/wp\/v2\/media\/15135"}],"wp:attachment":[{"href":"https:\/\/armintour.com\/it\/wp-json\/wp\/v2\/media?parent=15239"}],"curies":[{"name":"wp","href":"https:\/\/api.w.org\/{rel}","templated":true}]}}