{"id":15378,"date":"2022-12-29T23:26:54","date_gmt":"2022-12-29T19:26:54","guid":{"rendered":"https:\/\/intour.lizin.am\/tavush-marz\/"},"modified":"2023-01-24T11:53:32","modified_gmt":"2023-01-24T07:53:32","slug":"tavush-marz","status":"publish","type":"page","link":"https:\/\/armintour.com\/it\/tavush-marz\/","title":{"rendered":"Tavush Marz"},"content":{"rendered":"<section class=\"l-section wpb_row height_small\"><div class=\"l-section-h i-cf\"><div class=\"g-cols vc_row via_grid cols_1 laptops-cols_inherit tablets-cols_inherit mobiles-cols_1 valign_top type_default stacking_default\"><div class=\"wpb_column vc_column_container\"><div class=\"vc_column-inner\"><div class=\"wpb_text_column\"><div class=\"wpb_wrapper\"><p>2704 zona di km quadrati<br \/>\n93.574 ettari terreno agricolo<br \/>\ncompresi 27.294 ettari di terreno coltivabile<br \/>\n<strong>Popolazione:<\/strong> 125,500 mila di persone (as of 2016)<\/p>\n<\/div><\/div><\/div><\/div><\/div><\/div><\/section><section class=\"l-section wpb_row height_small\"><div class=\"l-section-h i-cf\"><div class=\"g-cols vc_row via_grid cols_1 laptops-cols_inherit tablets-cols_inherit mobiles-cols_1 valign_top type_default stacking_default\"><div class=\"wpb_column vc_column_container\"><div class=\"vc_column-inner\"><div class=\"wpb_text_column\"><div class=\"wpb_wrapper\"><p>Il Marz di Tavush si trova nella parte settentrionale di Armenia. La maggior parte del territorio si trova all\u2019 altezza di 800-1700 m sul livello del mare. Il paesaggio \u00e8 prevalentemente di montagna boschiva e prati delle montagne. I boschi sono situate a lungo delle colline all\u2019altezza di 600-2900 m sul livello del mare con oltre 120 tipi di alberi: beach-albero, quercia, nocciolo, tenendo alberi, ecc. Anche la fauna \u00e8 ricca qui e si pu\u00f2 incontrare un orso bruno, un cinghiale, una volpe, un lupo, una martora, ecc. Ci sono 40 specie di uccelli qui.<br \/>\nIjevan \u00e8 il centro del Marz. Durante lo scavo e la costruzione in cui i campi di tombe e fortezze di II-I millennio a.C. indicano che il territorio \u00e8 stato abitato fin dai tempi antichi. I borghi medievali, castelli e complessi monastici sono conservati nel distretto di Ijevan che dimostra che la valle \u00e8 stata popolata nel Medioevo.<br \/>\nUna delle pi\u00f9 fiorenti citt\u00e0 d\u2019Armenia \u00e8 Dilijan, una localit\u00e0 termale e culturale. Ci sono diversi villaggi e alberghi, dove si pu\u00f2 curare polmonare, gastrointestinale, dolore addominale, fegato e altre malattie, i disturbi metabolici e la leucemia. Ci sono circa 20 sorgenti minerali nei pressi delle citt\u00e0 di Ijevan e Dilijan.<br \/>\nCostruito nei luoghi pi\u00f9 autentici della natura del complesso monastico di Goshavank (XII-XIII sec.), Haghartsin (XI-XIII sec.), Makaravank (XI-XIII sec.), Voskepar (VI-VII sec.) e vari altri monumenti sono considerati ornamenti di Tavush. Le fortezze nascoste tra le nuvole sopra le montagne hanno un\u2019 bellezza affascinante.<\/p>\n<\/div><\/div><\/div><\/div><\/div><\/div><\/section><section class=\"l-section wpb_row height_small\"><div class=\"l-section-h i-cf\"><div class=\"g-cols vc_row via_grid cols_1 laptops-cols_inherit tablets-cols_inherit mobiles-cols_1 valign_top type_default stacking_default\"><div class=\"wpb_column vc_column_container\"><div class=\"vc_column-inner\"><div class=\"w-slider style_none fit_contain\"><div class=\"w-slider-h\"><div class=\"royalSlider\"><div class=\"rsContent\"><a class=\"rsImg\" data-rsw=\"1080\" data-rsh=\"1080\" data-rsBigImg=\"https:\/\/armintour.com\/wp-content\/uploads\/2022\/12\/Ijevan.jpg\" href=\"https:\/\/armintour.com\/wp-content\/uploads\/2022\/12\/Ijevan.jpg\"><span data-alt=\"\"><\/span><\/a><\/div><div class=\"rsContent\"><a class=\"rsImg\" data-rsw=\"1599\" data-rsh=\"1066\" data-rsBigImg=\"https:\/\/armintour.com\/wp-content\/uploads\/2022\/12\/Lastiver_ijevan.jpg\" href=\"https:\/\/armintour.com\/wp-content\/uploads\/2022\/12\/Lastiver_ijevan.jpg\"><span data-alt=\"\"><\/span><\/a><\/div><div class=\"rsContent\"><a class=\"rsImg\" data-rsw=\"1200\" data-rsh=\"800\" data-rsBigImg=\"https:\/\/armintour.com\/wp-content\/uploads\/2022\/12\/Dilijan.jpeg\" href=\"https:\/\/armintour.com\/wp-content\/uploads\/2022\/12\/Dilijan.jpeg\"><span data-alt=\"\"><\/span><\/a><\/div><div class=\"rsContent\"><a class=\"rsImg\" data-rsw=\"1067\" data-rsh=\"800\" data-rsBigImg=\"https:\/\/armintour.com\/wp-content\/uploads\/2022\/12\/Berdavank_fortress_09.jpg\" href=\"https:\/\/armintour.com\/wp-content\/uploads\/2022\/12\/Berdavank_fortress_09.jpg\"><span data-alt=\"\"><\/span><\/a><\/div><div class=\"rsContent\"><a class=\"rsImg\" data-rsw=\"2000\" data-rsh=\"1338\" data-rsBigImg=\"https:\/\/armintour.com\/wp-content\/uploads\/2022\/12\/Ijevan-1-1.jpg\" href=\"https:\/\/armintour.com\/wp-content\/uploads\/2022\/12\/Ijevan-1-1.jpg\"><span data-alt=\"\"><\/span><\/a><\/div><div class=\"rsContent\"><a class=\"rsImg\" data-rsw=\"600\" data-rsh=\"800\" data-rsBigImg=\"https:\/\/armintour.com\/wp-content\/uploads\/2022\/12\/Voskepar-Jukhak.jpg\" href=\"https:\/\/armintour.com\/wp-content\/uploads\/2022\/12\/Voskepar-Jukhak.jpg\"><span data-alt=\"\"><\/span><\/a><\/div><div class=\"rsContent\"><a class=\"rsImg\" data-rsw=\"1200\" data-rsh=\"800\" data-rsBigImg=\"https:\/\/armintour.com\/wp-content\/uploads\/2022\/12\/Voskepar_Fortress_07.jpg\" href=\"https:\/\/armintour.com\/wp-content\/uploads\/2022\/12\/Voskepar_Fortress_07.jpg\"><span data-alt=\"\"><\/span><\/a><\/div><div class=\"rsContent\"><a class=\"rsImg\" data-rsw=\"1200\" data-rsh=\"800\" data-rsBigImg=\"https:\/\/armintour.com\/wp-content\/uploads\/2022\/12\/Makaravank.jpeg\" href=\"https:\/\/armintour.com\/wp-content\/uploads\/2022\/12\/Makaravank.jpeg\"><span data-alt=\"\"><\/span><\/a><\/div><div class=\"rsContent\"><a class=\"rsImg\" data-rsw=\"2000\" data-rsh=\"1500\" data-rsBigImg=\"https:\/\/armintour.com\/wp-content\/uploads\/2022\/12\/Voskepar_Church.jpg\" href=\"https:\/\/armintour.com\/wp-content\/uploads\/2022\/12\/Voskepar_Church.jpg\"><span data-alt=\"\"><\/span><\/a><\/div><div class=\"rsContent\"><a class=\"rsImg\" data-rsw=\"1196\" data-rsh=\"800\" data-rsBigImg=\"https:\/\/armintour.com\/wp-content\/uploads\/2022\/12\/parz.jpeg\" href=\"https:\/\/armintour.com\/wp-content\/uploads\/2022\/12\/parz.jpeg\"><span data-alt=\"\"><\/span><\/a><\/div><div class=\"rsContent\"><a class=\"rsImg\" data-rsw=\"1280\" data-rsh=\"853\" data-rsBigImg=\"https:\/\/armintour.com\/wp-content\/uploads\/2022\/12\/Dilizhan.jpg\" href=\"https:\/\/armintour.com\/wp-content\/uploads\/2022\/12\/Dilizhan.jpg\"><span data-alt=\"\"><\/span><\/a><\/div><div class=\"rsContent\"><a class=\"rsImg\" data-rsw=\"1200\" data-rsh=\"800\" data-rsBigImg=\"https:\/\/armintour.com\/wp-content\/uploads\/2022\/12\/Gosh-lake.jpeg\" href=\"https:\/\/armintour.com\/wp-content\/uploads\/2022\/12\/Gosh-lake.jpeg\"><span data-alt=\"\"><\/span><\/a><\/div><div class=\"rsContent\"><a class=\"rsImg\" data-rsw=\"1920\" data-rsh=\"1080\" data-rsBigImg=\"https:\/\/armintour.com\/wp-content\/uploads\/2022\/12\/Haghartsin.jpg\" href=\"https:\/\/armintour.com\/wp-content\/uploads\/2022\/12\/Haghartsin.jpg\"><span data-alt=\"\"><\/span><\/a><\/div><div class=\"rsContent\"><a class=\"rsImg\" data-rsw=\"2000\" data-rsh=\"1342\" data-rsBigImg=\"https:\/\/armintour.com\/wp-content\/uploads\/2022\/12\/Gosh-lake-2.jpg\" href=\"https:\/\/armintour.com\/wp-content\/uploads\/2022\/12\/Gosh-lake-2.jpg\"><span data-alt=\"\"><\/span><\/a><\/div><div class=\"rsContent\"><a class=\"rsImg\" data-rsw=\"1239\" data-rsh=\"826\" data-rsBigImg=\"https:\/\/armintour.com\/wp-content\/uploads\/2022\/12\/Gosh.jpg\" href=\"https:\/\/armintour.com\/wp-content\/uploads\/2022\/12\/Gosh.jpg\"><span data-alt=\"\"><\/span><\/a><\/div><div class=\"rsContent\"><a class=\"rsImg\" data-rsw=\"2000\" data-rsh=\"1288\" data-rsBigImg=\"https:\/\/armintour.com\/wp-content\/uploads\/2022\/12\/Goshavank.jpg\" href=\"https:\/\/armintour.com\/wp-content\/uploads\/2022\/12\/Goshavank.jpg\"><span data-alt=\"\"><\/span><\/a><\/div><\/div><img decoding=\"async\" src=\"https:\/\/armintour.com\/wp-content\/uploads\/2022\/12\/Ijevan.jpg\" width=\"1080\" height=\"1080\" alt loading=\"lazy\"><\/div><div class=\"w-slider-json\" onclick='return {&quot;autoScaleSlider&quot;:true,&quot;loop&quot;:true,&quot;fadeInLoadedSlide&quot;:false,&quot;slidesSpacing&quot;:0,&quot;imageScalePadding&quot;:0,&quot;numImagesToPreload&quot;:2,&quot;arrowsNav&quot;:false,&quot;arrowsNavAutoHide&quot;:false,&quot;transitionType&quot;:&quot;move&quot;,&quot;transitionSpeed&quot;:250,&quot;block&quot;:{&quot;moveEffect&quot;:&quot;none&quot;,&quot;speed&quot;:300},&quot;thumbs&quot;:{&quot;fitInViewport&quot;:false},&quot;controlNavigation&quot;:&quot;bullets&quot;,&quot;autoplay&quot;:{&quot;enabled&quot;:true,&quot;pauseOnHover&quot;:false,&quot;delay&quot;:3000},&quot;fullscreen&quot;:{&quot;enabled&quot;:true},&quot;imageScaleMode&quot;:&quot;fit&quot;,&quot;autoScaleSliderWidth&quot;:1080,&quot;autoScaleSliderHeight&quot;:1080}'><\/div><\/div><\/div><\/div><\/div><\/div><\/section>\n","protected":false},"excerpt":{"rendered":"2704 zona di km quadrati 93.574 ettari terreno agricolo compresi 27.294 ettari di terreno coltivabile Popolazione: 125,500 mila di persone (as of 2016) Il Marz di Tavush si trova nella parte settentrionale di Armenia. La maggior parte del territorio si trova all\u2019 altezza di 800-1700 m sul livello del mare. Il paesaggio \u00e8 prevalentemente di...","protected":false},"author":1,"featured_media":15370,"parent":0,"menu_order":0,"comment_status":"closed","ping_status":"closed","template":"","meta":{"footnotes":""},"class_list":["post-15378","page","type-page","status-publish","has-post-thumbnail","hentry"],"_links":{"self":[{"href":"https:\/\/armintour.com\/it\/wp-json\/wp\/v2\/pages\/15378","targetHints":{"allow":["GET"]}}],"collection":[{"href":"https:\/\/armintour.com\/it\/wp-json\/wp\/v2\/pages"}],"about":[{"href":"https:\/\/armintour.com\/it\/wp-json\/wp\/v2\/types\/page"}],"author":[{"embeddable":true,"href":"https:\/\/armintour.com\/it\/wp-json\/wp\/v2\/users\/1"}],"replies":[{"embeddable":true,"href":"https:\/\/armintour.com\/it\/wp-json\/wp\/v2\/comments?post=15378"}],"version-history":[{"count":2,"href":"https:\/\/armintour.com\/it\/wp-json\/wp\/v2\/pages\/15378\/revisions"}],"predecessor-version":[{"id":24907,"href":"https:\/\/armintour.com\/it\/wp-json\/wp\/v2\/pages\/15378\/revisions\/24907"}],"wp:featuredmedia":[{"embeddable":true,"href":"https:\/\/armintour.com\/it\/wp-json\/wp\/v2\/media\/15370"}],"wp:attachment":[{"href":"https:\/\/armintour.com\/it\/wp-json\/wp\/v2\/media?parent=15378"}],"curies":[{"name":"wp","href":"https:\/\/api.w.org\/{rel}","templated":true}]}}