{"id":15540,"date":"2022-12-30T00:02:11","date_gmt":"2022-12-29T20:02:11","guid":{"rendered":"https:\/\/intour.lizin.am\/syunik-marz\/"},"modified":"2023-01-24T11:59:58","modified_gmt":"2023-01-24T07:59:58","slug":"syunik-marz","status":"publish","type":"page","link":"https:\/\/armintour.com\/it\/syunik-marz\/","title":{"rendered":"Syunik Marz"},"content":{"rendered":"<section class=\"l-section wpb_row height_small\"><div class=\"l-section-h i-cf\"><div class=\"g-cols vc_row via_grid cols_1 laptops-cols_inherit tablets-cols_inherit mobiles-cols_1 valign_top type_default stacking_default\"><div class=\"wpb_column vc_column_container\"><div class=\"vc_column-inner\"><div class=\"wpb_text_column\"><div class=\"wpb_wrapper\"><p>4506 zona di km quadrati<br \/>\n187.792 ettari terreni agricoli<br \/>\ncompresi 46.757 ettari di terreno coltivabile<br \/>\n<strong>Popolazione:<\/strong> 139,400 mila di persone (2016)<\/p>\n<\/div><\/div><\/div><\/div><\/div><\/div><\/section><section class=\"l-section wpb_row height_small\"><div class=\"l-section-h i-cf\"><div class=\"g-cols vc_row via_grid cols_1 laptops-cols_inherit tablets-cols_inherit mobiles-cols_1 valign_top type_default stacking_default\"><div class=\"wpb_column vc_column_container\"><div class=\"vc_column-inner\"><div class=\"wpb_text_column\"><div class=\"wpb_wrapper\"><p>Il Marz di Syunik \u00e8 considerate come la porta meridionale dell\u2019 Armenia, circondata dalle montagne di Zangezur, Meghri e Syunik altopiano. Il punto pi\u00f9 alto del marz \u00e8 la vetta del Mets Ishkhanasar (3552 m.), il punto pi\u00f9 basso \u00e8 la valle del fiume di Araks (400 m).<br \/>\nIl centro del Marz \u00e8 Kapan. Situato a 750 metri sul livello del mare, Kapan \u00e8 il centro minerario di Armenia, famoso per il suo rame e molibdeno. Goris \u00e8 una citt\u00e0-frutteto, un luogo incantevole sulla riva del fiume Vararak. Le immagini incise sulle rocce nel IV-V secolo a.C testimoniano il fatto che la gente ha vissuto qui da tempo immemorabile. \u00c8 possibile trovare l\u2019intera gamma di fauna selvatica armena in queste immagini. Le pietre risalgono al Zorats II millennio a.C. Secondo gli scienziati, sono stati progettati per le osservazioni astronomiche.<br \/>\nIl villaggio di Khndzoresk \u00e8 uno anfiteatro roccioso quasi verticale e multistadio. Niente pu\u00f2 essere confrontato con il complesso monastico di Tatev (IX-XIII sec.), che domina sull\u2019altezza di Syunik. La visita di Tatev \u00e8 disposta sulla cabinovia pi\u00f9 lunga, costruita nel 2010.<br \/>\nIl Syunik Medievale era ricca di fortezze. Baghaberd (IVs.) \u00e8 la pi\u00f9 grande costruzione-difesa in Armenia, \u00e8 seguito da Vorotavank (V s.), Meghri fortezza (XVII sec.), un esempio unico della tecnologia di fortificazione armena. L\u2019ultima fortezza di questa catena \u00e8 Halidzor (XVII sec.).<br \/>\nMarz \u00e8 ricco di fresche sorgenti, acque minerali morbidi e molti altri. Ci sono monumenti e iscrizioni su ogni primavera che indica che la popolazione del marz ama molto la primavera.<\/p>\n<\/div><\/div><\/div><\/div><\/div><\/div><\/section><section class=\"l-section wpb_row height_small\"><div class=\"l-section-h i-cf\"><div class=\"g-cols vc_row via_grid cols_1 laptops-cols_inherit tablets-cols_inherit mobiles-cols_1 valign_top type_default stacking_default\"><div class=\"wpb_column vc_column_container\"><div class=\"vc_column-inner\"><div class=\"w-slider style_none fit_contain nav_dots count_26\"><div class=\"w-slider-h\" aria-hidden=\"true\"><div class=\"royalSlider\"><div class=\"rsContent\"><a class=\"rsImg\" data-rsw=\"1200\" data-rsh=\"800\" data-rsBigImg=\"https:\/\/armintour.com\/wp-content\/uploads\/2022\/12\/Tatev-tramway.jpeg\" href=\"https:\/\/armintour.com\/wp-content\/uploads\/2022\/12\/Tatev-tramway.jpeg\"><span data-alt=\"\"><\/span><\/a><\/div><div class=\"rsContent\"><a class=\"rsImg\" data-rsw=\"1200\" data-rsh=\"801\" data-rsBigImg=\"https:\/\/armintour.com\/wp-content\/uploads\/2022\/12\/Tatev.jpg\" href=\"https:\/\/armintour.com\/wp-content\/uploads\/2022\/12\/Tatev.jpg\"><span data-alt=\"\"><\/span><\/a><\/div><div class=\"rsContent\"><a class=\"rsImg\" data-rsw=\"1600\" data-rsh=\"1200\" data-rsBigImg=\"https:\/\/armintour.com\/wp-content\/uploads\/2022\/12\/Goris.jpg\" href=\"https:\/\/armintour.com\/wp-content\/uploads\/2022\/12\/Goris.jpg\"><span data-alt=\"\"><\/span><\/a><\/div><div class=\"rsContent\"><a class=\"rsImg\" data-rsw=\"1700\" data-rsh=\"2333\" data-rsBigImg=\"https:\/\/armintour.com\/wp-content\/uploads\/2022\/12\/Old-Khndzoresk.jpg\" href=\"https:\/\/armintour.com\/wp-content\/uploads\/2022\/12\/Old-Khndzoresk.jpg\"><span data-alt=\"\"><\/span><\/a><\/div><div class=\"rsContent\"><a class=\"rsImg\" data-rsw=\"2000\" data-rsh=\"1330\" data-rsBigImg=\"https:\/\/armintour.com\/wp-content\/uploads\/2022\/12\/Halidzor_fortress_Syunik_Armenia_-_panoramio_9.jpg\" href=\"https:\/\/armintour.com\/wp-content\/uploads\/2022\/12\/Halidzor_fortress_Syunik_Armenia_-_panoramio_9.jpg\"><span data-alt=\"\"><\/span><\/a><\/div><div class=\"rsContent\"><a class=\"rsImg\" data-rsw=\"2000\" data-rsh=\"1055\" data-rsBigImg=\"https:\/\/armintour.com\/wp-content\/uploads\/2022\/12\/Mes-Ishkhanasar.jpg\" href=\"https:\/\/armintour.com\/wp-content\/uploads\/2022\/12\/Mes-Ishkhanasar.jpg\"><span data-alt=\"\"><\/span><\/a><\/div><div class=\"rsContent\"><a class=\"rsImg\" data-rsw=\"1200\" data-rsh=\"1200\" data-rsBigImg=\"https:\/\/armintour.com\/wp-content\/uploads\/2022\/12\/Khndzoresk-village.jpg\" href=\"https:\/\/armintour.com\/wp-content\/uploads\/2022\/12\/Khndzoresk-village.jpg\"><span data-alt=\"\"><\/span><\/a><\/div><div class=\"rsContent\"><a class=\"rsImg\" data-rsw=\"1865\" data-rsh=\"2560\" data-rsBigImg=\"https:\/\/armintour.com\/wp-content\/uploads\/2022\/12\/Khndzoresk-scaled.jpg\" href=\"https:\/\/armintour.com\/wp-content\/uploads\/2022\/12\/Khndzoresk-scaled.jpg\"><span data-alt=\"\"><\/span><\/a><\/div><div class=\"rsContent\"><a class=\"rsImg\" data-rsw=\"1200\" data-rsh=\"675\" data-rsBigImg=\"https:\/\/armintour.com\/wp-content\/uploads\/2022\/12\/fortress-of-Halidzor.jpg\" href=\"https:\/\/armintour.com\/wp-content\/uploads\/2022\/12\/fortress-of-Halidzor.jpg\"><span data-alt=\"\"><\/span><\/a><\/div><div class=\"rsContent\"><a class=\"rsImg\" data-rsw=\"1333\" data-rsh=\"1000\" data-rsBigImg=\"https:\/\/armintour.com\/wp-content\/uploads\/2022\/12\/fortress-of-Meghri.jpg\" href=\"https:\/\/armintour.com\/wp-content\/uploads\/2022\/12\/fortress-of-Meghri.jpg\"><span data-alt=\"\"><\/span><\/a><\/div><div class=\"rsContent\"><a class=\"rsImg\" data-rsw=\"1200\" data-rsh=\"800\" data-rsBigImg=\"https:\/\/armintour.com\/wp-content\/uploads\/2022\/12\/Vorotavank.jpeg\" href=\"https:\/\/armintour.com\/wp-content\/uploads\/2022\/12\/Vorotavank.jpeg\"><span data-alt=\"\"><\/span><\/a><\/div><div class=\"rsContent\"><a class=\"rsImg\" data-rsw=\"2000\" data-rsh=\"806\" data-rsBigImg=\"https:\/\/armintour.com\/wp-content\/uploads\/2022\/12\/Baghaberd-4.jpg\" href=\"https:\/\/armintour.com\/wp-content\/uploads\/2022\/12\/Baghaberd-4.jpg\"><span data-alt=\"\"><\/span><\/a><\/div><div class=\"rsContent\"><a class=\"rsImg\" data-rsw=\"1600\" data-rsh=\"1200\" data-rsBigImg=\"https:\/\/armintour.com\/wp-content\/uploads\/2022\/12\/61c2ea553437eb746cdd1764.1600x1200.jpeg\" href=\"https:\/\/armintour.com\/wp-content\/uploads\/2022\/12\/61c2ea553437eb746cdd1764.1600x1200.jpeg\"><span data-alt=\"\"><\/span><\/a><\/div><div class=\"rsContent\"><a class=\"rsImg\" data-rsw=\"1800\" data-rsh=\"1200\" data-rsBigImg=\"https:\/\/armintour.com\/wp-content\/uploads\/2022\/12\/khndzoresk-1.jpg\" href=\"https:\/\/armintour.com\/wp-content\/uploads\/2022\/12\/khndzoresk-1.jpg\"><span data-alt=\"\"><\/span><\/a><\/div><div class=\"rsContent\"><a class=\"rsImg\" data-rsw=\"1600\" data-rsh=\"1200\" data-rsBigImg=\"https:\/\/armintour.com\/wp-content\/uploads\/2022\/12\/khndzoresk2.jpg\" href=\"https:\/\/armintour.com\/wp-content\/uploads\/2022\/12\/khndzoresk2.jpg\"><span data-alt=\"\"><\/span><\/a><\/div><div class=\"rsContent\"><a class=\"rsImg\" data-rsw=\"1417\" data-rsh=\"1019\" data-rsBigImg=\"https:\/\/armintour.com\/wp-content\/uploads\/2022\/12\/Kapan.jpg\" href=\"https:\/\/armintour.com\/wp-content\/uploads\/2022\/12\/Kapan.jpg\"><span data-alt=\"\"><\/span><\/a><\/div><div class=\"rsContent\"><a class=\"rsImg\" data-rsw=\"1200\" data-rsh=\"900\" data-rsBigImg=\"https:\/\/armintour.com\/wp-content\/uploads\/2022\/12\/reka-araks.jpg\" href=\"https:\/\/armintour.com\/wp-content\/uploads\/2022\/12\/reka-araks.jpg\"><span data-alt=\"\"><\/span><\/a><\/div><div class=\"rsContent\"><a class=\"rsImg\" data-rsw=\"1446\" data-rsh=\"959\" data-rsBigImg=\"https:\/\/armintour.com\/wp-content\/uploads\/2022\/12\/18061522015413-1.jpg\" href=\"https:\/\/armintour.com\/wp-content\/uploads\/2022\/12\/18061522015413-1.jpg\"><span data-alt=\"\"><\/span><\/a><\/div><div class=\"rsContent\"><a class=\"rsImg\" data-rsw=\"1200\" data-rsh=\"800\" data-rsBigImg=\"https:\/\/armintour.com\/wp-content\/uploads\/2022\/12\/Goris.jpeg\" href=\"https:\/\/armintour.com\/wp-content\/uploads\/2022\/12\/Goris.jpeg\"><span data-alt=\"\"><\/span><\/a><\/div><div class=\"rsContent\"><a class=\"rsImg\" data-rsw=\"1200\" data-rsh=\"800\" data-rsBigImg=\"https:\/\/armintour.com\/wp-content\/uploads\/2022\/12\/Baghaberd.jpg\" href=\"https:\/\/armintour.com\/wp-content\/uploads\/2022\/12\/Baghaberd.jpg\"><span data-alt=\"\"><\/span><\/a><\/div><div class=\"rsContent\"><a class=\"rsImg\" data-rsw=\"1920\" data-rsh=\"1080\" data-rsBigImg=\"https:\/\/armintour.com\/wp-content\/uploads\/2022\/12\/Syunik.jpg\" href=\"https:\/\/armintour.com\/wp-content\/uploads\/2022\/12\/Syunik.jpg\"><span data-alt=\"\"><\/span><\/a><\/div><div class=\"rsContent\"><a class=\"rsImg\" data-rsw=\"1800\" data-rsh=\"1499\" data-rsBigImg=\"https:\/\/armintour.com\/wp-content\/uploads\/2022\/12\/Monastery-compex-of-Tatev.jpg\" href=\"https:\/\/armintour.com\/wp-content\/uploads\/2022\/12\/Monastery-compex-of-Tatev.jpg\"><span data-alt=\"\"><\/span><\/a><\/div><div class=\"rsContent\"><a class=\"rsImg\" data-rsw=\"1200\" data-rsh=\"800\" data-rsBigImg=\"https:\/\/armintour.com\/wp-content\/uploads\/2022\/12\/Karahunj-1.jpeg\" href=\"https:\/\/armintour.com\/wp-content\/uploads\/2022\/12\/Karahunj-1.jpeg\"><span data-alt=\"\"><\/span><\/a><\/div><div class=\"rsContent\"><a class=\"rsImg\" data-rsw=\"2560\" data-rsh=\"1708\" data-rsBigImg=\"https:\/\/armintour.com\/wp-content\/uploads\/2022\/12\/Karahunj-1-scaled.jpg\" href=\"https:\/\/armintour.com\/wp-content\/uploads\/2022\/12\/Karahunj-1-scaled.jpg\"><span data-alt=\"\"><\/span><\/a><\/div><div class=\"rsContent\"><a class=\"rsImg\" data-rsw=\"1524\" data-rsh=\"1022\" data-rsBigImg=\"https:\/\/armintour.com\/wp-content\/uploads\/2022\/12\/The-Zorats-stones.jpg\" href=\"https:\/\/armintour.com\/wp-content\/uploads\/2022\/12\/The-Zorats-stones.jpg\"><span data-alt=\"\"><\/span><\/a><\/div><div class=\"rsContent\"><a class=\"rsImg\" data-rsw=\"2000\" data-rsh=\"1467\" data-rsBigImg=\"https:\/\/armintour.com\/wp-content\/uploads\/2022\/12\/Karahunj-.jpg\" href=\"https:\/\/armintour.com\/wp-content\/uploads\/2022\/12\/Karahunj-.jpg\"><span data-alt=\"\"><\/span><\/a><\/div><\/div><img decoding=\"async\" src=\"https:\/\/armintour.com\/wp-content\/uploads\/2022\/12\/Tatev-tramway.jpeg\" width=\"1200\" height=\"800\" alt loading=\"lazy\"><\/div><div class=\"w-slider-json\" onclick='return {&quot;autoScaleSlider&quot;:true,&quot;addActiveClass&quot;:true,&quot;loop&quot;:true,&quot;fadeInLoadedSlide&quot;:false,&quot;slidesSpacing&quot;:0,&quot;imageScalePadding&quot;:0,&quot;numImagesToPreload&quot;:2,&quot;arrowsNav&quot;:false,&quot;arrowsNavAutoHide&quot;:false,&quot;transitionType&quot;:&quot;move&quot;,&quot;transitionSpeed&quot;:250,&quot;block&quot;:{&quot;moveEffect&quot;:&quot;none&quot;,&quot;speed&quot;:300},&quot;thumbs&quot;:{&quot;fitInViewport&quot;:false,&quot;firstMargin&quot;:false,&quot;spacing&quot;:4},&quot;controlNavigation&quot;:&quot;bullets&quot;,&quot;autoplay&quot;:{&quot;enabled&quot;:true,&quot;pauseOnHover&quot;:false,&quot;delay&quot;:3000},&quot;fullscreen&quot;:{&quot;enabled&quot;:true},&quot;autoScaleSliderWidth&quot;:1200,&quot;autoScaleSliderHeight&quot;:800}'><\/div><\/div><\/div><\/div><\/div><\/div><\/section>\n","protected":false},"excerpt":{"rendered":"4506 zona di km quadrati 187.792 ettari terreni agricoli compresi 46.757 ettari di terreno coltivabile Popolazione: 139,400 mila di persone (2016) Il Marz di Syunik \u00e8 considerate come la porta meridionale dell\u2019 Armenia, circondata dalle montagne di Zangezur, Meghri e Syunik altopiano. Il punto pi\u00f9 alto del marz \u00e8 la vetta del Mets Ishkhanasar (3552...","protected":false},"author":1,"featured_media":15444,"parent":0,"menu_order":0,"comment_status":"closed","ping_status":"closed","template":"","meta":{"footnotes":""},"class_list":["post-15540","page","type-page","status-publish","has-post-thumbnail","hentry"],"_links":{"self":[{"href":"https:\/\/armintour.com\/it\/wp-json\/wp\/v2\/pages\/15540","targetHints":{"allow":["GET"]}}],"collection":[{"href":"https:\/\/armintour.com\/it\/wp-json\/wp\/v2\/pages"}],"about":[{"href":"https:\/\/armintour.com\/it\/wp-json\/wp\/v2\/types\/page"}],"author":[{"embeddable":true,"href":"https:\/\/armintour.com\/it\/wp-json\/wp\/v2\/users\/1"}],"replies":[{"embeddable":true,"href":"https:\/\/armintour.com\/it\/wp-json\/wp\/v2\/comments?post=15540"}],"version-history":[{"count":3,"href":"https:\/\/armintour.com\/it\/wp-json\/wp\/v2\/pages\/15540\/revisions"}],"predecessor-version":[{"id":24909,"href":"https:\/\/armintour.com\/it\/wp-json\/wp\/v2\/pages\/15540\/revisions\/24909"}],"wp:featuredmedia":[{"embeddable":true,"href":"https:\/\/armintour.com\/it\/wp-json\/wp\/v2\/media\/15444"}],"wp:attachment":[{"href":"https:\/\/armintour.com\/it\/wp-json\/wp\/v2\/media?parent=15540"}],"curies":[{"name":"wp","href":"https:\/\/api.w.org\/{rel}","templated":true}]}}