{"id":15646,"date":"2022-12-30T00:35:40","date_gmt":"2022-12-29T20:35:40","guid":{"rendered":"https:\/\/intour.lizin.am\/shirak-marz\/"},"modified":"2023-01-24T12:02:43","modified_gmt":"2023-01-24T08:02:43","slug":"shirak-marz","status":"publish","type":"page","link":"https:\/\/armintour.com\/it\/shirak-marz\/","title":{"rendered":"Shirak Marz"},"content":{"rendered":"<section class=\"l-section wpb_row height_small\"><div class=\"l-section-h i-cf\"><div class=\"g-cols vc_row via_grid cols_1 laptops-cols_inherit tablets-cols_inherit mobiles-cols_1 valign_top type_default stacking_default\"><div class=\"wpb_column vc_column_container\"><div class=\"vc_column-inner\"><div class=\"wpb_text_column\"><div class=\"wpb_wrapper\"><p>2681 zona di km quadrati<br \/>\n165.737 ettari terreni agricoli<br \/>\ncompresi 84.530 ettari di terreno coltivabile<br \/>\n<strong>Popolazione:<\/strong> 243,2 mila di persone (2016)<\/p>\n<\/div><\/div><\/div><\/div><\/div><\/div><\/section><section class=\"l-section wpb_row height_small\"><div class=\"l-section-h i-cf\"><div class=\"g-cols vc_row via_grid cols_1 laptops-cols_inherit tablets-cols_inherit mobiles-cols_1 valign_top type_default stacking_default\"><div class=\"wpb_column vc_column_container\"><div class=\"vc_column-inner\"><div class=\"wpb_text_column\"><div class=\"wpb_wrapper\"><p>Il Marz di Shirak si trova sulla riva sinistra del fiume Akhurian. E\u2019 famosa per la sua terra ricca e fertile ed il clima fresco. Il clima, mentre Continentale, varia generalmente da freddo intenso in inverno o il caldo dell\u2019estate, si trova in una zona a rischio sismico di 8-9 gradi sulla scala Richter. Il centro del Marz \u00e8 Gyumri, situato nel centro di altopiani di Shirak, all\u2019altezza di 1550m sul livello del mare. Gli archeologi confermano che l\u2019area di Gyumri era abitata circa un milione anno prima. Gli scavi hanno portato alla luce scheletri di elefanti preistorici, tori, cammelli, cavalli testimoniano il fatto.<br \/>\nLa prima indicazione di Gyumri si trova nell\u2019iscrizione cuneiforme di Marmashen (VIII s A.C.)<br \/>\nMarz \u00e8 ricco dei monumenti e attrazioni turistiche che attirano l\u2019attenzione dei turisti. La citt\u00e0 di Artik \u00e8 conosciuta come il centro delle miniere di tufo. Il tufo armeno \u00e8 famoso per le sue quaranta sfumature di colore.<br \/>\nNon lontano da Artik esteso su tre piatti \u00e8 il luogo antico dell\u2019Et\u00e0 del Bronzo, dove fu costruito il complesso monastico di Harichavank nel VII-VIII ss..<br \/>\nSulla riva sinistra del fiume Akhurian si trova il complesso monastico di Marmashen costruito nel 988-1029.<br \/>\nIl terremoto di Spitak del 1988 ha causato tante sofferenze e danni, ma a causa di una forte volont\u00e0 e lo spirito degli armeni, un sacco di attivit\u00e0 di ricostruzione \u00e8 stata effettuata nel Marz da allora.<\/p>\n<\/div><\/div><\/div><\/div><\/div><\/div><\/section><section class=\"l-section wpb_row height_small\"><div class=\"l-section-h i-cf\"><div class=\"g-cols vc_row via_grid cols_1 laptops-cols_inherit tablets-cols_inherit mobiles-cols_1 valign_top type_default stacking_default\"><div class=\"wpb_column vc_column_container\"><div class=\"vc_column-inner\"><div class=\"w-slider style_none fit_contain\"><div class=\"w-slider-h\"><div class=\"royalSlider\"><div class=\"rsContent\"><a class=\"rsImg\" data-rsw=\"2048\" data-rsh=\"1536\" data-rsBigImg=\"https:\/\/armintour.com\/wp-content\/uploads\/2022\/12\/Harichavank.jpg\" href=\"https:\/\/armintour.com\/wp-content\/uploads\/2022\/12\/Harichavank.jpg\"><span data-alt=\"\"><\/span><\/a><\/div><div class=\"rsContent\"><a class=\"rsImg\" data-rsw=\"1920\" data-rsh=\"1087\" data-rsBigImg=\"https:\/\/armintour.com\/wp-content\/uploads\/2022\/12\/Marmashen.jpg\" href=\"https:\/\/armintour.com\/wp-content\/uploads\/2022\/12\/Marmashen.jpg\"><span data-alt=\"\"><\/span><\/a><\/div><div class=\"rsContent\"><a class=\"rsImg\" data-rsw=\"2000\" data-rsh=\"1500\" data-rsBigImg=\"https:\/\/armintour.com\/wp-content\/uploads\/2022\/12\/Marmashen_Monastery_Complex_of_Vahramaberd_21.jpg\" href=\"https:\/\/armintour.com\/wp-content\/uploads\/2022\/12\/Marmashen_Monastery_Complex_of_Vahramaberd_21.jpg\"><span data-alt=\"\"><\/span><\/a><\/div><div class=\"rsContent\"><a class=\"rsImg\" data-rsw=\"2000\" data-rsh=\"1500\" data-rsBigImg=\"https:\/\/armintour.com\/wp-content\/uploads\/2022\/12\/Akhurian_River.jpg\" href=\"https:\/\/armintour.com\/wp-content\/uploads\/2022\/12\/Akhurian_River.jpg\"><span data-alt=\"\"><\/span><\/a><\/div><div class=\"rsContent\"><a class=\"rsImg\" data-rsw=\"1535\" data-rsh=\"961\" data-rsBigImg=\"https:\/\/armintour.com\/wp-content\/uploads\/2022\/12\/The-Spitak.jpg\" href=\"https:\/\/armintour.com\/wp-content\/uploads\/2022\/12\/The-Spitak.jpg\"><span data-alt=\"\"><\/span><\/a><\/div><div class=\"rsContent\"><a class=\"rsImg\" data-rsw=\"1200\" data-rsh=\"800\" data-rsBigImg=\"https:\/\/armintour.com\/wp-content\/uploads\/2022\/12\/Marmashen.jpeg\" href=\"https:\/\/armintour.com\/wp-content\/uploads\/2022\/12\/Marmashen.jpeg\"><span data-alt=\"\"><\/span><\/a><\/div><div class=\"rsContent\"><a class=\"rsImg\" data-rsw=\"1200\" data-rsh=\"800\" data-rsBigImg=\"https:\/\/armintour.com\/wp-content\/uploads\/2022\/12\/Gyumri-8.jpeg\" href=\"https:\/\/armintour.com\/wp-content\/uploads\/2022\/12\/Gyumri-8.jpeg\"><span data-alt=\"\"><\/span><\/a><\/div><div class=\"rsContent\"><a class=\"rsImg\" data-rsw=\"1280\" data-rsh=\"960\" data-rsBigImg=\"https:\/\/armintour.com\/wp-content\/uploads\/2022\/12\/Gyumri-7.jpg\" href=\"https:\/\/armintour.com\/wp-content\/uploads\/2022\/12\/Gyumri-7.jpg\"><span data-alt=\"\"><\/span><\/a><\/div><div class=\"rsContent\"><a class=\"rsImg\" data-rsw=\"2048\" data-rsh=\"1536\" data-rsBigImg=\"https:\/\/armintour.com\/wp-content\/uploads\/2022\/12\/Gyumri-6.jpg\" href=\"https:\/\/armintour.com\/wp-content\/uploads\/2022\/12\/Gyumri-6.jpg\"><span data-alt=\"\"><\/span><\/a><\/div><div class=\"rsContent\"><a class=\"rsImg\" data-rsw=\"1417\" data-rsh=\"1032\" data-rsBigImg=\"https:\/\/armintour.com\/wp-content\/uploads\/2022\/12\/Gyumri-5.jpg\" href=\"https:\/\/armintour.com\/wp-content\/uploads\/2022\/12\/Gyumri-5.jpg\"><span data-alt=\"\"><\/span><\/a><\/div><div class=\"rsContent\"><a class=\"rsImg\" data-rsw=\"1200\" data-rsh=\"795\" data-rsBigImg=\"https:\/\/armintour.com\/wp-content\/uploads\/2022\/12\/Gyumri-4.jpg\" href=\"https:\/\/armintour.com\/wp-content\/uploads\/2022\/12\/Gyumri-4.jpg\"><span data-alt=\"\"><\/span><\/a><\/div><div class=\"rsContent\"><a class=\"rsImg\" data-rsw=\"1500\" data-rsh=\"1000\" data-rsBigImg=\"https:\/\/armintour.com\/wp-content\/uploads\/2022\/12\/Gyumri.jpg\" href=\"https:\/\/armintour.com\/wp-content\/uploads\/2022\/12\/Gyumri.jpg\"><span data-alt=\"\"><\/span><\/a><\/div><div class=\"rsContent\"><a class=\"rsImg\" data-rsw=\"1200\" data-rsh=\"800\" data-rsBigImg=\"https:\/\/armintour.com\/wp-content\/uploads\/2022\/12\/monastery-complex-of-Harichavank.jpeg\" href=\"https:\/\/armintour.com\/wp-content\/uploads\/2022\/12\/monastery-complex-of-Harichavank.jpeg\"><span data-alt=\"\"><\/span><\/a><\/div><div class=\"rsContent\"><a class=\"rsImg\" data-rsw=\"1200\" data-rsh=\"803\" data-rsBigImg=\"https:\/\/armintour.com\/wp-content\/uploads\/2022\/12\/marz-of-Shirak.jpg\" href=\"https:\/\/armintour.com\/wp-content\/uploads\/2022\/12\/marz-of-Shirak.jpg\"><span data-alt=\"\"><\/span><\/a><\/div><\/div><img decoding=\"async\" src=\"https:\/\/armintour.com\/wp-content\/uploads\/2022\/12\/Harichavank.jpg\" width=\"2048\" height=\"1536\" alt loading=\"lazy\"><\/div><div class=\"w-slider-json\" onclick='return {&quot;autoScaleSlider&quot;:true,&quot;loop&quot;:true,&quot;fadeInLoadedSlide&quot;:false,&quot;slidesSpacing&quot;:0,&quot;imageScalePadding&quot;:0,&quot;numImagesToPreload&quot;:2,&quot;arrowsNav&quot;:false,&quot;arrowsNavAutoHide&quot;:false,&quot;transitionType&quot;:&quot;move&quot;,&quot;transitionSpeed&quot;:250,&quot;block&quot;:{&quot;moveEffect&quot;:&quot;none&quot;,&quot;speed&quot;:300},&quot;thumbs&quot;:{&quot;fitInViewport&quot;:false},&quot;controlNavigation&quot;:&quot;bullets&quot;,&quot;autoplay&quot;:{&quot;enabled&quot;:true,&quot;pauseOnHover&quot;:false,&quot;delay&quot;:3000},&quot;fullscreen&quot;:{&quot;enabled&quot;:true},&quot;imageScaleMode&quot;:&quot;fit&quot;,&quot;autoScaleSliderWidth&quot;:2048,&quot;autoScaleSliderHeight&quot;:1536}'><\/div><\/div><\/div><\/div><\/div><\/div><\/section>\n","protected":false},"excerpt":{"rendered":"2681 zona di km quadrati 165.737 ettari terreni agricoli compresi 84.530 ettari di terreno coltivabile Popolazione: 243,2 mila di persone (2016) Il Marz di Shirak si trova sulla riva sinistra del fiume Akhurian. E\u2019 famosa per la sua terra ricca e fertile ed il clima fresco. Il clima, mentre Continentale, varia generalmente da freddo intenso...","protected":false},"author":1,"featured_media":15558,"parent":0,"menu_order":0,"comment_status":"closed","ping_status":"closed","template":"","meta":{"footnotes":""},"class_list":["post-15646","page","type-page","status-publish","has-post-thumbnail","hentry"],"_links":{"self":[{"href":"https:\/\/armintour.com\/it\/wp-json\/wp\/v2\/pages\/15646","targetHints":{"allow":["GET"]}}],"collection":[{"href":"https:\/\/armintour.com\/it\/wp-json\/wp\/v2\/pages"}],"about":[{"href":"https:\/\/armintour.com\/it\/wp-json\/wp\/v2\/types\/page"}],"author":[{"embeddable":true,"href":"https:\/\/armintour.com\/it\/wp-json\/wp\/v2\/users\/1"}],"replies":[{"embeddable":true,"href":"https:\/\/armintour.com\/it\/wp-json\/wp\/v2\/comments?post=15646"}],"version-history":[{"count":2,"href":"https:\/\/armintour.com\/it\/wp-json\/wp\/v2\/pages\/15646\/revisions"}],"predecessor-version":[{"id":24910,"href":"https:\/\/armintour.com\/it\/wp-json\/wp\/v2\/pages\/15646\/revisions\/24910"}],"wp:featuredmedia":[{"embeddable":true,"href":"https:\/\/armintour.com\/it\/wp-json\/wp\/v2\/media\/15558"}],"wp:attachment":[{"href":"https:\/\/armintour.com\/it\/wp-json\/wp\/v2\/media?parent=15646"}],"curies":[{"name":"wp","href":"https:\/\/api.w.org\/{rel}","templated":true}]}}