{"id":15822,"date":"2022-12-30T01:52:22","date_gmt":"2022-12-29T21:52:22","guid":{"rendered":"https:\/\/intour.lizin.am\/about-us\/"},"modified":"2026-04-12T17:01:22","modified_gmt":"2026-04-12T13:01:22","slug":"about-us","status":"publish","type":"page","link":"https:\/\/armintour.com\/it\/about-us\/","title":{"rendered":"Chi Siamo"},"content":{"rendered":"<section class=\"l-section wpb_row height_small\"><div class=\"l-section-h i-cf\"><div class=\"g-cols vc_row via_grid cols_1 laptops-cols_inherit tablets-cols_inherit mobiles-cols_1 valign_top type_default stacking_default\"><div class=\"wpb_column vc_column_container\"><div class=\"vc_column-inner\"><div class=\"wpb_text_column\"><div class=\"wpb_wrapper\"><p>ARMINTOUR (ufficialmente Intour SPAC) societ\u00e0 per azioni\u00e8 unasociet\u00e0 di tourche possiede esperienza professionale, una conoscenza specializzataed offre servizi di altaqualit\u00e0 ai propri clienti: turisti eviaggiatori d\u2019affari.<br \/>\nARMINTOUR riceve turistida oltre 30 paesi delmondo, collaboracon partnerdi tutto il mondo. Attualmente ARMINTOUR integracon 50 grandi compagnie turistiche in Europa, Canada, Sud America, Medio Oriente, Giappone e Australia.<br \/>\nLa societ\u00e0 organizza il turismo di svago per gli individui e il gruppo mettendo l\u2019accento sui programmi della motivazione, le conferenze e le riunioni delle organizzazioni.<br \/>\nNoi abbiamo esperienza nell\u2019organizzare le officine, i seminari, le manifestazioni sportive e di fornire ai partecipanti tutto l\u2019appoggio logistico di cui loro hanno bisogno.<\/p>\n<\/div><\/div><\/div><\/div><\/div><\/div><\/section><section class=\"l-section wpb_row height_small\"><div class=\"l-section-h i-cf\"><div class=\"g-cols vc_row via_grid cols_3 laptops-cols_inherit tablets-cols_inherit mobiles-cols_1 valign_top type_default stacking_default\"><div class=\"wpb_column vc_column_container\"><div class=\"vc_column-inner\"><div class=\"w-iconbox iconpos_top style_default color_primary align_center\"><div class=\"w-iconbox-icon\" style=\"font-size:2rem;\"><i class=\"fas fa-history\"><\/i><\/div><div class=\"w-iconbox-meta\"><h4 class=\"w-iconbox-title\">Tour storici, culturali e cognitivi per gli individui e il gruppo<\/h4><div class=\"w-iconbox-text\"><ul>\n<li style=\"text-align: left;\">Trasferimenti da e per l\u2019aeroporto<\/li>\n<li style=\"text-align: left;\">Prenotazionedell\u2019 alloggio<\/li>\n<li style=\"text-align: left;\">Escursioniquotidiane<\/li>\n<li style=\"text-align: left;\">Servizi di guida(Inglese, francese, italiano, spagnolo, portoghese, tedesco, russo,giapponese, coreano, cinese, ecc)<\/li>\n<\/ul>\n<\/div><\/div><\/div><\/div><\/div><div class=\"wpb_column vc_column_container\"><div class=\"vc_column-inner\"><div class=\"w-iconbox iconpos_top style_default color_primary align_center no_text\"><div class=\"w-iconbox-icon\" style=\"font-size:2rem;\"><i class=\"fas fa-car\"><\/i><\/div><div class=\"w-iconbox-meta\"><h4 class=\"w-iconbox-title\">Autonoleggio<\/h4><\/div><\/div><\/div><\/div><div class=\"wpb_column vc_column_container\"><div class=\"vc_column-inner\"><div class=\"w-iconbox iconpos_top style_default color_primary align_center no_text\"><div class=\"w-iconbox-icon\" style=\"font-size:2rem;\"><i class=\"fas fa-fas fa-stamp\"><\/i><\/div><div class=\"w-iconbox-meta\"><h4 class=\"w-iconbox-title\">Visa supporto<\/h4><\/div><\/div><\/div><\/div><\/div><\/div><\/section><section class=\"l-section wpb_row height_auto\"><div class=\"l-section-h i-cf\"><div class=\"g-cols vc_row via_grid cols_3 laptops-cols_inherit tablets-cols_inherit mobiles-cols_1 valign_top type_default stacking_default\"><div class=\"wpb_column vc_column_container\"><div class=\"vc_column-inner\"><div class=\"w-iconbox iconpos_top style_default color_primary align_center no_text\"><div class=\"w-iconbox-icon\" style=\"font-size:2rem;\"><i class=\"fas fa-fas fa-concierge-bell\"><\/i><\/div><div class=\"w-iconbox-meta\"><h4 class=\"w-iconbox-title\">Prenotazionidi alberghia Yerevanenella campagna<\/h4><\/div><\/div><\/div><\/div><div class=\"wpb_column vc_column_container\"><div class=\"vc_column-inner\"><div class=\"w-iconbox iconpos_top style_default color_primary align_center no_text\"><div class=\"w-iconbox-icon\" style=\"font-size:2rem;\"><i class=\"fas fa-fas fa-suitcase-rolling\"><\/i><\/div><div class=\"w-iconbox-meta\"><h4 class=\"w-iconbox-title\">Prenotazione e consegnadeibiglietti aerei,biglietti ferroviari<\/h4><\/div><\/div><\/div><\/div><div class=\"wpb_column vc_column_container\"><div class=\"vc_column-inner\"><div class=\"w-iconbox iconpos_top style_default color_primary align_center\"><div class=\"w-iconbox-icon\" style=\"font-size:2rem;\"><i class=\"fas fa-fas fa-podium\"><\/i><\/div><div class=\"w-iconbox-meta\"><h4 class=\"w-iconbox-title\">Organizzazione delle conferenze, delle riunioni delle organizzazioni, dei seminari e delle manifestazioni sportive, ecc.<\/h4><div class=\"w-iconbox-text\"><ul>\n<li style=\"text-align: left;\">Ordine e fornitura di spazio per gli eventi<\/li>\n<li style=\"text-align: left;\">Fornitura di equipaggiamento neccessario<\/li>\n<li style=\"text-align: left;\">Servizi di trasporto e di interprete<\/li>\n<li style=\"text-align: left;\">Tour guidati<\/li>\n<li style=\"text-align: left;\">Serate corporativi<\/li>\n<li style=\"text-align: left;\">Team building (costruzione del gruppo)<\/li>\n<\/ul>\n<\/div><\/div><\/div><\/div><\/div><\/div><\/div><\/section><section class=\"l-section wpb_row height_small\"><div class=\"l-section-h i-cf\"><div class=\"g-cols vc_row via_grid cols_3 laptops-cols_inherit tablets-cols_inherit mobiles-cols_1 valign_top type_default stacking_default\"><div class=\"wpb_column vc_column_container\"><div class=\"vc_column-inner\"><div class=\"w-person layout_trendy with_socials\" itemscope itemtype=\"https:\/\/schema.org\/Person\"><div class=\"w-person-image\"><img loading=\"lazy\" decoding=\"async\" width=\"1439\" height=\"1098\" src=\"https:\/\/armintour.com\/wp-content\/uploads\/2022\/12\/testimonial-e1488049467378.png\" class=\"attachment-full size-full\" alt=\"\" itemprop=\"image\" srcset=\"https:\/\/armintour.com\/wp-content\/uploads\/2022\/12\/testimonial-e1488049467378.png 1439w, https:\/\/armintour.com\/wp-content\/uploads\/2022\/12\/testimonial-e1488049467378-300x229.png 300w, https:\/\/armintour.com\/wp-content\/uploads\/2022\/12\/testimonial-e1488049467378-1024x781.png 1024w\" sizes=\"auto, (max-width: 1439px) 100vw, 1439px\" \/><\/div><div class=\"w-person-content\"><h4 itemprop=\"name\" class=\"w-person-name\"><span>Sig. Vardges Gevorgyan<\/span><\/h4><div class=\"w-person-role\" itemprop=\"jobTitle\">Direttore generale<\/div><\/div><div class=\"w-person-content-alt\"><div class=\"w-person-links\"><div class=\"w-person-links-list\"><a href=\"mailto:management@armintour.com\" class=\"w-person-links-item type_email\" title=\"Email\"><i class=\"fas fa-envelope\"><\/i><\/a><\/div><\/div><\/div><\/div><\/div><\/div><div class=\"wpb_column vc_column_container\"><div class=\"vc_column-inner\"><div class=\"w-person layout_trendy with_socials\" itemscope itemtype=\"https:\/\/schema.org\/Person\"><div class=\"w-person-image\"><img loading=\"lazy\" decoding=\"async\" width=\"1439\" height=\"1098\" src=\"https:\/\/armintour.com\/wp-content\/uploads\/2022\/12\/testimonial-e1488049467378.png\" class=\"attachment-full size-full\" alt=\"\" itemprop=\"image\" srcset=\"https:\/\/armintour.com\/wp-content\/uploads\/2022\/12\/testimonial-e1488049467378.png 1439w, https:\/\/armintour.com\/wp-content\/uploads\/2022\/12\/testimonial-e1488049467378-300x229.png 300w, https:\/\/armintour.com\/wp-content\/uploads\/2022\/12\/testimonial-e1488049467378-1024x781.png 1024w\" sizes=\"auto, (max-width: 1439px) 100vw, 1439px\" \/><\/div><div class=\"w-person-content\"><h4 itemprop=\"name\" class=\"w-person-name\"><span>Sig.ra Lusine Khachatryan<\/span><\/h4><div class=\"w-person-role\" itemprop=\"jobTitle\">Responsabile per la gestione del turismo e del dipartimento di evento<\/div><\/div><div class=\"w-person-content-alt\"><div class=\"w-person-links\"><div class=\"w-person-links-list\"><a href=\"mailto:events@armintour.com\" class=\"w-person-links-item type_email\" title=\"Email\"><i class=\"fas fa-envelope\"><\/i><\/a><a href=\"http:\/\/tourism-jp@armintour.com\" class=\"w-person-links-item type_facebook\" title=\"Facebook\" target=\"_blank\" rel=\"nofollow\"><i class=\"fab fa-facebook\"><\/i><\/a><a href=\"http:\/\/tourism@armintour.com\" class=\"w-person-links-item type_twitter\" title=\"X\" target=\"_blank\" rel=\"nofollow\"><i class=\"fab fa-x-twitter\"><svg style=\"width:1em; margin-bottom:-.1em;\" xmlns=\"http:\/\/www.w3.org\/2000\/svg\" viewBox=\"0 0 512 512\" role=\"presentation\"><path fill=\"currentColor\" d=\"M389.2 48h70.6L305.6 224.2 487 464H345L233.7 318.6 106.5 464H35.8L200.7 275.5 26.8 48H172.4L272.9 180.9 389.2 48zM364.4 421.8h39.1L151.1 88h-42L364.4 421.8z\"\/><\/svg><\/i><\/a><\/div><\/div><\/div><\/div><\/div><\/div><div class=\"wpb_column vc_column_container\"><div class=\"vc_column-inner\"><div class=\"w-person layout_trendy with_socials\" itemscope itemtype=\"https:\/\/schema.org\/Person\"><div class=\"w-person-image\"><img loading=\"lazy\" decoding=\"async\" width=\"1439\" height=\"1098\" src=\"https:\/\/armintour.com\/wp-content\/uploads\/2022\/12\/testimonial-e1488049467378.png\" class=\"attachment-full size-full\" alt=\"\" itemprop=\"image\" srcset=\"https:\/\/armintour.com\/wp-content\/uploads\/2022\/12\/testimonial-e1488049467378.png 1439w, https:\/\/armintour.com\/wp-content\/uploads\/2022\/12\/testimonial-e1488049467378-300x229.png 300w, https:\/\/armintour.com\/wp-content\/uploads\/2022\/12\/testimonial-e1488049467378-1024x781.png 1024w\" sizes=\"auto, (max-width: 1439px) 100vw, 1439px\" \/><\/div><div class=\"w-person-content\"><h4 itemprop=\"name\" class=\"w-person-name\"><span>Sig.ra Ani Gharibyan<\/span><\/h4><div class=\"w-person-role\" itemprop=\"jobTitle\">Tour operator del mercato tedesco<\/div><\/div><div class=\"w-person-content-alt\"><div class=\"w-person-links\"><div class=\"w-person-links-list\"><a href=\"mailto:tourism-de@armintour.com\" class=\"w-person-links-item type_email\" title=\"Email\"><i class=\"fas fa-envelope\"><\/i><\/a><\/div><\/div><\/div><\/div><\/div><\/div><\/div><\/div><\/section><section class=\"l-section wpb_row height_auto\"><div class=\"l-section-h i-cf\"><div class=\"g-cols vc_row via_grid cols_3 laptops-cols_inherit tablets-cols_inherit mobiles-cols_1 valign_top type_default stacking_default\"><div class=\"wpb_column vc_column_container\"><div class=\"vc_column-inner\"><\/div><\/div><div class=\"wpb_column vc_column_container\"><div class=\"vc_column-inner\"><div class=\"w-person layout_trendy with_socials\" itemscope itemtype=\"https:\/\/schema.org\/Person\"><div class=\"w-person-image\"><img loading=\"lazy\" decoding=\"async\" width=\"1439\" height=\"1098\" src=\"https:\/\/armintour.com\/wp-content\/uploads\/2022\/12\/testimonial-e1488049467378.png\" class=\"attachment-full size-full\" alt=\"\" itemprop=\"image\" srcset=\"https:\/\/armintour.com\/wp-content\/uploads\/2022\/12\/testimonial-e1488049467378.png 1439w, https:\/\/armintour.com\/wp-content\/uploads\/2022\/12\/testimonial-e1488049467378-300x229.png 300w, https:\/\/armintour.com\/wp-content\/uploads\/2022\/12\/testimonial-e1488049467378-1024x781.png 1024w\" sizes=\"auto, (max-width: 1439px) 100vw, 1439px\" \/><\/div><div class=\"w-person-content\"><h4 itemprop=\"name\" class=\"w-person-name\"><span>Sig.ra Anna Hovhannisyan<\/span><\/h4><div class=\"w-person-role\" itemprop=\"jobTitle\">Tour operator del mercato russo, spagnolo e inglese<\/div><\/div><div class=\"w-person-content-alt\"><div class=\"w-person-links\"><div class=\"w-person-links-list\"><a href=\"mailto:tourism-en@armintour.com\" class=\"w-person-links-item type_email\" title=\"Email\"><i class=\"fas fa-envelope\"><\/i><\/a><a href=\"http:\/\/tourism-eu@armintour.com\" class=\"w-person-links-item type_facebook\" title=\"Facebook\" target=\"_blank\" rel=\"nofollow\"><i class=\"fab fa-facebook\"><\/i><\/a><\/div><\/div><\/div><\/div><\/div><\/div><div class=\"wpb_column vc_column_container\"><div class=\"vc_column-inner\"><div class=\"w-person layout_trendy with_socials\" itemscope itemtype=\"https:\/\/schema.org\/Person\"><div class=\"w-person-image\"><img loading=\"lazy\" decoding=\"async\" width=\"1439\" height=\"1098\" src=\"https:\/\/armintour.com\/wp-content\/uploads\/2022\/12\/testimonial-e1488049467378.png\" class=\"attachment-full size-full\" alt=\"\" itemprop=\"image\" srcset=\"https:\/\/armintour.com\/wp-content\/uploads\/2022\/12\/testimonial-e1488049467378.png 1439w, https:\/\/armintour.com\/wp-content\/uploads\/2022\/12\/testimonial-e1488049467378-300x229.png 300w, https:\/\/armintour.com\/wp-content\/uploads\/2022\/12\/testimonial-e1488049467378-1024x781.png 1024w\" sizes=\"auto, (max-width: 1439px) 100vw, 1439px\" \/><\/div><div class=\"w-person-content\"><div class=\"w-person-role\" itemprop=\"jobTitle\">Reparto prenotazioni<\/div><\/div><div class=\"w-person-content-alt\"><div class=\"w-person-links\"><div class=\"w-person-links-list\"><a href=\"mailto:reservation@armintour.com\" class=\"w-person-links-item type_email\" title=\"Email\"><i class=\"fas fa-envelope\"><\/i><\/a><\/div><\/div><\/div><\/div><\/div><\/div><\/div><\/div><\/section>\n","protected":false},"excerpt":{"rendered":"ARMINTOUR (ufficialmente Intour SPAC) societ\u00e0 per azioni\u00e8 unasociet\u00e0 di tourche possiede esperienza professionale, una conoscenza specializzataed offre servizi di altaqualit\u00e0 ai propri clienti: turisti eviaggiatori d\u2019affari. ARMINTOUR riceve turistida oltre 30 paesi delmondo, collaboracon partnerdi tutto il mondo. Attualmente ARMINTOUR integracon 50 grandi compagnie turistiche in Europa, Canada, Sud America, Medio Oriente, Giappone e Australia....","protected":false},"author":1,"featured_media":15742,"parent":0,"menu_order":1,"comment_status":"closed","ping_status":"closed","template":"","meta":{"footnotes":""},"class_list":["post-15822","page","type-page","status-publish","has-post-thumbnail","hentry"],"_links":{"self":[{"href":"https:\/\/armintour.com\/it\/wp-json\/wp\/v2\/pages\/15822","targetHints":{"allow":["GET"]}}],"collection":[{"href":"https:\/\/armintour.com\/it\/wp-json\/wp\/v2\/pages"}],"about":[{"href":"https:\/\/armintour.com\/it\/wp-json\/wp\/v2\/types\/page"}],"author":[{"embeddable":true,"href":"https:\/\/armintour.com\/it\/wp-json\/wp\/v2\/users\/1"}],"replies":[{"embeddable":true,"href":"https:\/\/armintour.com\/it\/wp-json\/wp\/v2\/comments?post=15822"}],"version-history":[{"count":3,"href":"https:\/\/armintour.com\/it\/wp-json\/wp\/v2\/pages\/15822\/revisions"}],"predecessor-version":[{"id":25542,"href":"https:\/\/armintour.com\/it\/wp-json\/wp\/v2\/pages\/15822\/revisions\/25542"}],"wp:featuredmedia":[{"embeddable":true,"href":"https:\/\/armintour.com\/it\/wp-json\/wp\/v2\/media\/15742"}],"wp:attachment":[{"href":"https:\/\/armintour.com\/it\/wp-json\/wp\/v2\/media?parent=15822"}],"curies":[{"name":"wp","href":"https:\/\/api.w.org\/{rel}","templated":true}]}}