{"id":16147,"date":"2023-01-02T22:48:31","date_gmt":"2023-01-02T18:48:31","guid":{"rendered":"https:\/\/intour.lizin.am\/lori-marz\/"},"modified":"2023-01-25T15:55:08","modified_gmt":"2023-01-25T11:55:08","slug":"lori-marz","status":"publish","type":"page","link":"https:\/\/armintour.com\/it\/lori-marz\/","title":{"rendered":"Lori marz"},"content":{"rendered":"<section class=\"l-section wpb_row height_small\"><div class=\"l-section-h i-cf\"><div class=\"g-cols vc_row via_grid cols_1 laptops-cols_inherit tablets-cols_inherit mobiles-cols_1 valign_top type_default stacking_default\"><div class=\"wpb_column vc_column_container\"><div class=\"vc_column-inner\"><div class=\"wpb_text_column\"><div class=\"wpb_wrapper\"><p>3789 <strong>zona<\/strong> di km quadrati<br \/>\n192.212 ettari terreni <strong>agricoli<\/strong><br \/>\n<strong>compresi<\/strong> 47.823 ettari di terreno coltivabile<br \/>\n<strong>Popolazione:<\/strong> 225,0 mila di persone (2016)<\/p>\n<\/div><\/div><\/div><\/div><\/div><\/div><\/section><section class=\"l-section wpb_row height_small\"><div class=\"l-section-h i-cf\"><div class=\"g-cols vc_row via_grid cols_1 laptops-cols_inherit tablets-cols_inherit mobiles-cols_1 valign_top type_default stacking_default\"><div class=\"wpb_column vc_column_container\"><div class=\"vc_column-inner\"><div class=\"wpb_text_column\"><div class=\"wpb_wrapper\"><p>Il Marz di Lori si trova nel nord-est di Armenia, con il suo centro Vanadzor. Pambak, Dzoraget, Aghstev e Debed sono dei fiumi che corrono attraverso il territorio del Marz. \u00c8 ricco di frutti, boschi, campi fertili, laghi e sorgenti fresche. Il clima \u00e8 temperato. La montagna di Lori-Pambak impedisce il flusso di venti freddi del nord.<br \/>\nIl ricco patrimonio culturale del marz risale di et\u00e0. Sull\u2019altopiano della citt\u00e0 di Alaverdi, sulla riva destra del fiume Debed \u00e8 il villaggio di Sanahin. Il paese \u00e8 collegato con le principali strade attraverso il ponte del 1192, l\u2019edificio antico d\u2019 ingegneria \u00e8 conservato fino ad oggi. Il complesso del Monastero di Sanahin, costruito nel X-XIII ss. \u00e8 nel territorio del villaggio. E\u2019 considerato come una delle architetture pi\u00f9 interessanti soluzioni. Descrivendo Sanahin non \u00e8 un compito facile, si deve vederelo. Il complesso monastico di Haghpat, X-XIII ss., \u00e8 sulla distanza di 5 km da Sanahin. Entrambi i complessi si utilizzano per le loro biblioteche, scriptoria, scuole e sale da pranzo. Entrambi i monasteri sono inclusi nella lista del Patrimonio Mondiale dall\u2019UNESCO nell\u20191996.<br \/>\nA sud d\u2019Alaverdi, sull\u2019altopiano, si trova la famosa Cattedrale d\u2019Odzun, VI-VII ss. Nei boschi di Lori si pu\u00f2 vedere ovunque le tracce di antichi insediamenti e fortezze, chiese e complessi monastici. Non si pu\u00f2 stare per ammirare i monumenti di Akhtala (X-XIII ss.), Kobayr (XIIIs.) con i loro affreschi, Hnevank (XII-XIII ss.), un certo numero di chiese Cattoliche e cittadelle. La fortezza di Lori \u00e8 un brillante esempio di architettura armena.<\/p>\n<\/div><\/div><\/div><\/div><\/div><\/div><\/section><section class=\"l-section wpb_row height_small\"><div class=\"l-section-h i-cf\"><div class=\"g-cols vc_row via_grid cols_1 laptops-cols_inherit tablets-cols_inherit mobiles-cols_1 valign_top type_default stacking_default\"><div class=\"wpb_column vc_column_container\"><div class=\"vc_column-inner\"><div class=\"w-slider style_none fit_contain nav_dots count_27\"><div class=\"w-slider-h\" aria-hidden=\"true\"><div class=\"royalSlider\"><div class=\"rsContent\"><a class=\"rsImg\" data-rsw=\"1280\" data-rsh=\"831\" data-rsBigImg=\"https:\/\/armintour.com\/wp-content\/uploads\/2023\/01\/Odzun-Altar-pod-otkryt.jpg\" href=\"https:\/\/armintour.com\/wp-content\/uploads\/2023\/01\/Odzun-Altar-pod-otkryt.jpg\"><span data-alt=\"\"><\/span><\/a><\/div><div class=\"rsContent\"><a class=\"rsImg\" data-rsw=\"2000\" data-rsh=\"1333\" data-rsBigImg=\"https:\/\/armintour.com\/wp-content\/uploads\/2023\/01\/49034286072_Haghpat.jpg\" href=\"https:\/\/armintour.com\/wp-content\/uploads\/2023\/01\/49034286072_Haghpat.jpg\"><span data-alt=\"\"><\/span><\/a><\/div><div class=\"rsContent\"><a class=\"rsImg\" data-rsw=\"1400\" data-rsh=\"843\" data-rsBigImg=\"https:\/\/armintour.com\/wp-content\/uploads\/2023\/01\/Debed.jpg\" href=\"https:\/\/armintour.com\/wp-content\/uploads\/2023\/01\/Debed.jpg\"><span data-alt=\"\"><\/span><\/a><\/div><div class=\"rsContent\"><a class=\"rsImg\" data-rsw=\"1000\" data-rsh=\"604\" data-rsBigImg=\"https:\/\/armintour.com\/wp-content\/uploads\/2023\/01\/Dzoraget.jpg\" href=\"https:\/\/armintour.com\/wp-content\/uploads\/2023\/01\/Dzoraget.jpg\"><span data-alt=\"\"><\/span><\/a><\/div><div class=\"rsContent\"><a class=\"rsImg\" data-rsw=\"1024\" data-rsh=\"791\" data-rsBigImg=\"https:\/\/armintour.com\/wp-content\/uploads\/2023\/01\/Kobayr.jpg\" href=\"https:\/\/armintour.com\/wp-content\/uploads\/2023\/01\/Kobayr.jpg\"><span data-alt=\"\"><\/span><\/a><\/div><div class=\"rsContent\"><a class=\"rsImg\" data-rsw=\"2000\" data-rsh=\"1500\" data-rsBigImg=\"https:\/\/armintour.com\/wp-content\/uploads\/2023\/01\/Pambak.jpg\" href=\"https:\/\/armintour.com\/wp-content\/uploads\/2023\/01\/Pambak.jpg\"><span data-alt=\"\"><\/span><\/a><\/div><div class=\"rsContent\"><a class=\"rsImg\" data-rsw=\"2000\" data-rsh=\"1500\" data-rsBigImg=\"https:\/\/armintour.com\/wp-content\/uploads\/2023\/01\/Vanadzor.jpg\" href=\"https:\/\/armintour.com\/wp-content\/uploads\/2023\/01\/Vanadzor.jpg\"><span data-alt=\"\"><\/span><\/a><\/div><div class=\"rsContent\"><a class=\"rsImg\" data-rsw=\"2000\" data-rsh=\"1333\" data-rsBigImg=\"https:\/\/armintour.com\/wp-content\/uploads\/2023\/01\/Monasterio_de_Sanahin_Armenia.jpg\" href=\"https:\/\/armintour.com\/wp-content\/uploads\/2023\/01\/Monasterio_de_Sanahin_Armenia.jpg\"><span data-alt=\"\"><\/span><\/a><\/div><div class=\"rsContent\"><a class=\"rsImg\" data-rsw=\"2000\" data-rsh=\"1333\" data-rsBigImg=\"https:\/\/armintour.com\/wp-content\/uploads\/2023\/01\/Sanahin_Monastery_5.jpg\" href=\"https:\/\/armintour.com\/wp-content\/uploads\/2023\/01\/Sanahin_Monastery_5.jpg\"><span data-alt=\"\"><\/span><\/a><\/div><div class=\"rsContent\"><a class=\"rsImg\" data-rsw=\"2000\" data-rsh=\"1500\" data-rsBigImg=\"https:\/\/armintour.com\/wp-content\/uploads\/2023\/01\/Lori_Berd_Lori_Marz_01.jpg\" href=\"https:\/\/armintour.com\/wp-content\/uploads\/2023\/01\/Lori_Berd_Lori_Marz_01.jpg\"><span data-alt=\"\"><\/span><\/a><\/div><div class=\"rsContent\"><a class=\"rsImg\" data-rsw=\"1200\" data-rsh=\"800\" data-rsBigImg=\"https:\/\/armintour.com\/wp-content\/uploads\/2023\/01\/Lori_Berd_Armenia_2016-09-30_DD_55.jpg\" href=\"https:\/\/armintour.com\/wp-content\/uploads\/2023\/01\/Lori_Berd_Armenia_2016-09-30_DD_55.jpg\"><span data-alt=\"\"><\/span><\/a><\/div><div class=\"rsContent\"><a class=\"rsImg\" data-rsw=\"1600\" data-rsh=\"978\" data-rsBigImg=\"https:\/\/armintour.com\/wp-content\/uploads\/2023\/01\/1600px-Lori_Berd_Armenia_2016-09-30_DD_63-65_HDR.jpg\" href=\"https:\/\/armintour.com\/wp-content\/uploads\/2023\/01\/1600px-Lori_Berd_Armenia_2016-09-30_DD_63-65_HDR.jpg\"><span data-alt=\"\"><\/span><\/a><\/div><div class=\"rsContent\"><a class=\"rsImg\" data-rsw=\"1600\" data-rsh=\"1107\" data-rsBigImg=\"https:\/\/armintour.com\/wp-content\/uploads\/2023\/01\/1600px-Lori_Berd_Armenia_2016-09-30_DD_69.jpg\" href=\"https:\/\/armintour.com\/wp-content\/uploads\/2023\/01\/1600px-Lori_Berd_Armenia_2016-09-30_DD_69.jpg\"><span data-alt=\"\"><\/span><\/a><\/div><div class=\"rsContent\"><a class=\"rsImg\" data-rsw=\"1200\" data-rsh=\"899\" data-rsBigImg=\"https:\/\/armintour.com\/wp-content\/uploads\/2023\/01\/Hnevank_monastery_complex_from_air_2.jpg\" href=\"https:\/\/armintour.com\/wp-content\/uploads\/2023\/01\/Hnevank_monastery_complex_from_air_2.jpg\"><span data-alt=\"\"><\/span><\/a><\/div><div class=\"rsContent\"><a class=\"rsImg\" data-rsw=\"1200\" data-rsh=\"800\" data-rsBigImg=\"https:\/\/armintour.com\/wp-content\/uploads\/2023\/01\/Kobayr-5.jpeg\" href=\"https:\/\/armintour.com\/wp-content\/uploads\/2023\/01\/Kobayr-5.jpeg\"><span data-alt=\"\"><\/span><\/a><\/div><div class=\"rsContent\"><a class=\"rsImg\" data-rsw=\"1200\" data-rsh=\"800\" data-rsBigImg=\"https:\/\/armintour.com\/wp-content\/uploads\/2023\/01\/Kobayr-6.jpeg\" href=\"https:\/\/armintour.com\/wp-content\/uploads\/2023\/01\/Kobayr-6.jpeg\"><span data-alt=\"\"><\/span><\/a><\/div><div class=\"rsContent\"><a class=\"rsImg\" data-rsw=\"1280\" data-rsh=\"853\" data-rsBigImg=\"https:\/\/armintour.com\/wp-content\/uploads\/2023\/01\/Kobayr-4.jpg\" href=\"https:\/\/armintour.com\/wp-content\/uploads\/2023\/01\/Kobayr-4.jpg\"><span data-alt=\"\"><\/span><\/a><\/div><div class=\"rsContent\"><a class=\"rsImg\" data-rsw=\"1200\" data-rsh=\"714\" data-rsBigImg=\"https:\/\/armintour.com\/wp-content\/uploads\/2023\/01\/Akhtala.jpg\" href=\"https:\/\/armintour.com\/wp-content\/uploads\/2023\/01\/Akhtala.jpg\"><span data-alt=\"\"><\/span><\/a><\/div><div class=\"rsContent\"><a class=\"rsImg\" data-rsw=\"1376\" data-rsh=\"770\" data-rsBigImg=\"https:\/\/armintour.com\/wp-content\/uploads\/2023\/01\/00-AKHTALA-MONASTERY-cover-photo.jpg\" href=\"https:\/\/armintour.com\/wp-content\/uploads\/2023\/01\/00-AKHTALA-MONASTERY-cover-photo.jpg\"><span data-alt=\"\"><\/span><\/a><\/div><div class=\"rsContent\"><a class=\"rsImg\" data-rsw=\"1200\" data-rsh=\"800\" data-rsBigImg=\"https:\/\/armintour.com\/wp-content\/uploads\/2023\/01\/Odzun.jpeg\" href=\"https:\/\/armintour.com\/wp-content\/uploads\/2023\/01\/Odzun.jpeg\"><span data-alt=\"\"><\/span><\/a><\/div><div class=\"rsContent\"><a class=\"rsImg\" data-rsw=\"1200\" data-rsh=\"800\" data-rsBigImg=\"https:\/\/armintour.com\/wp-content\/uploads\/2023\/01\/Haghpat-4.jpeg\" href=\"https:\/\/armintour.com\/wp-content\/uploads\/2023\/01\/Haghpat-4.jpeg\"><span data-alt=\"\"><\/span><\/a><\/div><div class=\"rsContent\"><a class=\"rsImg\" data-rsw=\"1080\" data-rsh=\"1080\" data-rsBigImg=\"https:\/\/armintour.com\/wp-content\/uploads\/2023\/01\/Haghpat.jpg\" href=\"https:\/\/armintour.com\/wp-content\/uploads\/2023\/01\/Haghpat.jpg\"><span data-alt=\"\"><\/span><\/a><\/div><div class=\"rsContent\"><a class=\"rsImg\" data-rsw=\"1200\" data-rsh=\"800\" data-rsBigImg=\"https:\/\/armintour.com\/wp-content\/uploads\/2023\/01\/Sanahin.jpeg\" href=\"https:\/\/armintour.com\/wp-content\/uploads\/2023\/01\/Sanahin.jpeg\"><span data-alt=\"\"><\/span><\/a><\/div><div class=\"rsContent\"><a class=\"rsImg\" data-rsw=\"1080\" data-rsh=\"1319\" data-rsBigImg=\"https:\/\/armintour.com\/wp-content\/uploads\/2023\/01\/Alaverdi.jpg\" href=\"https:\/\/armintour.com\/wp-content\/uploads\/2023\/01\/Alaverdi.jpg\"><span data-alt=\"\"><\/span><\/a><\/div><div class=\"rsContent\"><a class=\"rsImg\" data-rsw=\"1920\" data-rsh=\"1149\" data-rsBigImg=\"https:\/\/armintour.com\/wp-content\/uploads\/2023\/01\/2.sanahin-monastery-in-armenia.jpg\" href=\"https:\/\/armintour.com\/wp-content\/uploads\/2023\/01\/2.sanahin-monastery-in-armenia.jpg\"><span data-alt=\"\"><\/span><\/a><\/div><div class=\"rsContent\"><a class=\"rsImg\" data-rsw=\"1280\" data-rsh=\"853\" data-rsBigImg=\"https:\/\/armintour.com\/wp-content\/uploads\/2023\/01\/Utstchele-reki-Debed-i-zalozh.jpg\" href=\"https:\/\/armintour.com\/wp-content\/uploads\/2023\/01\/Utstchele-reki-Debed-i-zalozh.jpg\"><span data-alt=\"\"><\/span><\/a><\/div><div class=\"rsContent\"><a class=\"rsImg\" data-rsw=\"1500\" data-rsh=\"1125\" data-rsBigImg=\"https:\/\/armintour.com\/wp-content\/uploads\/2023\/01\/Hnevank.jpg\" href=\"https:\/\/armintour.com\/wp-content\/uploads\/2023\/01\/Hnevank.jpg\"><span data-alt=\"\"><\/span><\/a><\/div><\/div><img decoding=\"async\" src=\"https:\/\/armintour.com\/wp-content\/uploads\/2023\/01\/Odzun-Altar-pod-otkryt.jpg\" width=\"1280\" height=\"831\" alt loading=\"lazy\"><\/div><div class=\"w-slider-json\" onclick='return {&quot;autoScaleSlider&quot;:true,&quot;addActiveClass&quot;:true,&quot;loop&quot;:true,&quot;fadeInLoadedSlide&quot;:false,&quot;slidesSpacing&quot;:0,&quot;imageScalePadding&quot;:0,&quot;numImagesToPreload&quot;:2,&quot;arrowsNav&quot;:false,&quot;arrowsNavAutoHide&quot;:false,&quot;transitionType&quot;:&quot;move&quot;,&quot;transitionSpeed&quot;:250,&quot;block&quot;:{&quot;moveEffect&quot;:&quot;none&quot;,&quot;speed&quot;:300},&quot;thumbs&quot;:{&quot;fitInViewport&quot;:false,&quot;firstMargin&quot;:false,&quot;spacing&quot;:4},&quot;controlNavigation&quot;:&quot;bullets&quot;,&quot;autoplay&quot;:{&quot;enabled&quot;:true,&quot;pauseOnHover&quot;:false,&quot;delay&quot;:3000},&quot;fullscreen&quot;:{&quot;enabled&quot;:true},&quot;autoScaleSliderWidth&quot;:1280,&quot;autoScaleSliderHeight&quot;:831}'><\/div><\/div><\/div><\/div><\/div><\/div><\/section>\n","protected":false},"excerpt":{"rendered":"3789 zona di km quadrati 192.212 ettari terreni agricoli compresi 47.823 ettari di terreno coltivabile Popolazione: 225,0 mila di persone (2016) Il Marz di Lori si trova nel nord-est di Armenia, con il suo centro Vanadzor. Pambak, Dzoraget, Aghstev e Debed sono dei fiumi che corrono attraverso il territorio del Marz. \u00c8 ricco di frutti,...","protected":false},"author":1,"featured_media":15977,"parent":0,"menu_order":0,"comment_status":"closed","ping_status":"closed","template":"","meta":{"footnotes":""},"class_list":["post-16147","page","type-page","status-publish","has-post-thumbnail","hentry"],"_links":{"self":[{"href":"https:\/\/armintour.com\/it\/wp-json\/wp\/v2\/pages\/16147","targetHints":{"allow":["GET"]}}],"collection":[{"href":"https:\/\/armintour.com\/it\/wp-json\/wp\/v2\/pages"}],"about":[{"href":"https:\/\/armintour.com\/it\/wp-json\/wp\/v2\/types\/page"}],"author":[{"embeddable":true,"href":"https:\/\/armintour.com\/it\/wp-json\/wp\/v2\/users\/1"}],"replies":[{"embeddable":true,"href":"https:\/\/armintour.com\/it\/wp-json\/wp\/v2\/comments?post=16147"}],"version-history":[{"count":5,"href":"https:\/\/armintour.com\/it\/wp-json\/wp\/v2\/pages\/16147\/revisions"}],"predecessor-version":[{"id":25035,"href":"https:\/\/armintour.com\/it\/wp-json\/wp\/v2\/pages\/16147\/revisions\/25035"}],"wp:featuredmedia":[{"embeddable":true,"href":"https:\/\/armintour.com\/it\/wp-json\/wp\/v2\/media\/15977"}],"wp:attachment":[{"href":"https:\/\/armintour.com\/it\/wp-json\/wp\/v2\/media?parent=16147"}],"curies":[{"name":"wp","href":"https:\/\/api.w.org\/{rel}","templated":true}]}}