{"id":16332,"date":"2023-01-03T12:11:18","date_gmt":"2023-01-03T08:11:18","guid":{"rendered":"https:\/\/intour.lizin.am\/kotayk-marz\/"},"modified":"2023-01-24T15:22:37","modified_gmt":"2023-01-24T11:22:37","slug":"kotayk-marz","status":"publish","type":"page","link":"https:\/\/armintour.com\/it\/kotayk-marz\/","title":{"rendered":"Kotayk Marz"},"content":{"rendered":"<section class=\"l-section wpb_row height_small\"><div class=\"l-section-h i-cf\"><div class=\"g-cols vc_row via_grid cols_1 laptops-cols_inherit tablets-cols_inherit mobiles-cols_1 valign_top type_default stacking_default\"><div class=\"wpb_column vc_column_container\"><div class=\"vc_column-inner\"><div class=\"wpb_text_column\"><div class=\"wpb_wrapper\"><p>2089 zona di km quadrati<br \/>\n99.779 ettari terreno agricolo<br \/>\ncompresi 39.608 ettari di terreno coltivabile<br \/>\n<strong>Popolazione:<\/strong> 253,9 mila di persone (2016)<\/p>\n<\/div><\/div><\/div><\/div><\/div><\/div><\/section><section class=\"l-section wpb_row height_small\"><div class=\"l-section-h i-cf\"><div class=\"g-cols vc_row via_grid cols_1 laptops-cols_inherit tablets-cols_inherit mobiles-cols_1 valign_top type_default stacking_default\"><div class=\"wpb_column vc_column_container\"><div class=\"vc_column-inner\"><div class=\"wpb_text_column\"><div class=\"wpb_wrapper\"><p>A Nord della capital di Yerevan si trovab il Marz di Kotayk , con il centro di Hrazdan. Il nome di marz risale all\u2019antichit\u00e0, al periodo di Kt patriarca.<br \/>\nLa temperatura media estiva \u00e8 di 19 C e in inverno \u00e8 -9C. Un terzo del territorio \u00e8 coperto di legno, il clima \u00e8 mite. Hrazdan \u00e8 un centro di sviluppo industriale, ricca di monumenti archeologici e medioevali, in particolare dall XIII secolo.<br \/>\nTsakhkadzor \u00e8 considerato la gemma del Marz. Questa \u00e8 una piccola localit\u00e0. Tit \u00e8 famosa per il suo complesso sportivo, riccamente dotato di diverse strutture sportive necessarie per gli sport estivi e invernali. Le colline ricoperte di neve attirano molti appassionati degli sport invernali. La funivia porta gli sciatori in cima dell\u0430 montagna Teghenis, e da l\u00ec possono scivolare gi\u00f9 dalla montagna.<br \/>\nUno dei monumenti pi\u00f9 notevoli del periodo ellenistico \u00e8 la cittadella e il tempio pagano di Garni, che un tempo era la residenza estiva della famiglia reale. La cittadella \u00e8 situata su un altopiano panoramico triangolare. Il tempio pagano di stile greco, la casa-bagno con il suo sistema di riscaldamento sotterraneo, il palazzo reale ci ammirano con il loro fascino principale.<br \/>\n5 km a est di Garni, nel profondo canyon della Goght, il trogolo di Azar River, le grotte di tempi antichi e le cellule sono state intagliate nella roccia che sono stati utilizzati in seguito di base del Monastero di Geghard. Nel passato remoto, fu chiamato Ayrivank. Dal XIII secolo in onore di San Lance (Gheghart \u2013 in armeno) Cristo \u00e8 stato spinto con quello sulla croce, ed \u00e8 stato rinominato Geghardavank.<\/p>\n<\/div><\/div><\/div><\/div><\/div><\/div><\/section><section class=\"l-section wpb_row height_small\"><div class=\"l-section-h i-cf\"><div class=\"g-cols vc_row via_grid cols_1 laptops-cols_inherit tablets-cols_inherit mobiles-cols_1 valign_top type_default stacking_default\"><div class=\"wpb_column vc_column_container\"><div class=\"vc_column-inner\"><div class=\"w-slider style_none fit_contain nav_dots count_25\"><div class=\"w-slider-h\" aria-hidden=\"true\"><div class=\"royalSlider\"><div class=\"rsContent\"><a class=\"rsImg\" data-rsw=\"1180\" data-rsh=\"787\" data-rsBigImg=\"https:\/\/armintour.com\/wp-content\/uploads\/2022\/12\/Garni-Roman-Temple.jpg\" href=\"https:\/\/armintour.com\/wp-content\/uploads\/2022\/12\/Garni-Roman-Temple.jpg\"><span data-alt=\"\"><\/span><\/a><\/div><div class=\"rsContent\"><a class=\"rsImg\" data-rsw=\"1200\" data-rsh=\"800\" data-rsBigImg=\"https:\/\/armintour.com\/wp-content\/uploads\/2022\/12\/Garni.jpeg\" href=\"https:\/\/armintour.com\/wp-content\/uploads\/2022\/12\/Garni.jpeg\"><span data-alt=\"\"><\/span><\/a><\/div><div class=\"rsContent\"><a class=\"rsImg\" data-rsw=\"2560\" data-rsh=\"1707\" data-rsBigImg=\"https:\/\/armintour.com\/wp-content\/uploads\/2022\/12\/Geghard-cross-stones-scaled.jpg\" href=\"https:\/\/armintour.com\/wp-content\/uploads\/2022\/12\/Geghard-cross-stones-scaled.jpg\"><span data-alt=\"\"><\/span><\/a><\/div><div class=\"rsContent\"><a class=\"rsImg\" data-rsw=\"1239\" data-rsh=\"758\" data-rsBigImg=\"https:\/\/armintour.com\/wp-content\/uploads\/2022\/12\/Geghard.jpg\" href=\"https:\/\/armintour.com\/wp-content\/uploads\/2022\/12\/Geghard.jpg\"><span data-alt=\"\"><\/span><\/a><\/div><div class=\"rsContent\"><a class=\"rsImg\" data-rsw=\"2000\" data-rsh=\"1333\" data-rsBigImg=\"https:\/\/armintour.com\/wp-content\/uploads\/2023\/01\/Monastery-of-Geghard-2.jpg\" href=\"https:\/\/armintour.com\/wp-content\/uploads\/2023\/01\/Monastery-of-Geghard-2.jpg\"><span data-alt=\"\"><\/span><\/a><\/div><div class=\"rsContent\"><a class=\"rsImg\" data-rsw=\"2000\" data-rsh=\"1125\" data-rsBigImg=\"https:\/\/armintour.com\/wp-content\/uploads\/2023\/01\/Tsakhkadzor-1.jpg\" href=\"https:\/\/armintour.com\/wp-content\/uploads\/2023\/01\/Tsakhkadzor-1.jpg\"><span data-alt=\"\"><\/span><\/a><\/div><div class=\"rsContent\"><a class=\"rsImg\" data-rsw=\"2000\" data-rsh=\"1427\" data-rsBigImg=\"https:\/\/armintour.com\/wp-content\/uploads\/2023\/01\/1639139906_40-krot-info-p-armeniya-kanon-debed-krasivie-foto-45.jpg\" href=\"https:\/\/armintour.com\/wp-content\/uploads\/2023\/01\/1639139906_40-krot-info-p-armeniya-kanon-debed-krasivie-foto-45.jpg\"><span data-alt=\"\"><\/span><\/a><\/div><div class=\"rsContent\"><a class=\"rsImg\" data-rsw=\"2000\" data-rsh=\"1125\" data-rsBigImg=\"https:\/\/armintour.com\/wp-content\/uploads\/2023\/01\/Hrazdan.jpg\" href=\"https:\/\/armintour.com\/wp-content\/uploads\/2023\/01\/Hrazdan.jpg\"><span data-alt=\"\"><\/span><\/a><\/div><div class=\"rsContent\"><a class=\"rsImg\" data-rsw=\"1200\" data-rsh=\"900\" data-rsBigImg=\"https:\/\/armintour.com\/wp-content\/uploads\/2023\/01\/Kotayk.jpg\" href=\"https:\/\/armintour.com\/wp-content\/uploads\/2023\/01\/Kotayk.jpg\"><span data-alt=\"\"><\/span><\/a><\/div><div class=\"rsContent\"><a class=\"rsImg\" data-rsw=\"1200\" data-rsh=\"900\" data-rsBigImg=\"https:\/\/armintour.com\/wp-content\/uploads\/2023\/01\/Tsaghkadzor-1.jpg\" href=\"https:\/\/armintour.com\/wp-content\/uploads\/2023\/01\/Tsaghkadzor-1.jpg\"><span data-alt=\"\"><\/span><\/a><\/div><div class=\"rsContent\"><a class=\"rsImg\" data-rsw=\"2000\" data-rsh=\"1333\" data-rsBigImg=\"https:\/\/armintour.com\/wp-content\/uploads\/2023\/01\/Bridge_on_Azat_river_Garni_Kotayk_region_5.jpg\" href=\"https:\/\/armintour.com\/wp-content\/uploads\/2023\/01\/Bridge_on_Azat_river_Garni_Kotayk_region_5.jpg\"><span data-alt=\"\"><\/span><\/a><\/div><div class=\"rsContent\"><a class=\"rsImg\" data-rsw=\"2000\" data-rsh=\"1500\" data-rsBigImg=\"https:\/\/armintour.com\/wp-content\/uploads\/2023\/01\/Azat-River.jpg\" href=\"https:\/\/armintour.com\/wp-content\/uploads\/2023\/01\/Azat-River.jpg\"><span data-alt=\"\"><\/span><\/a><\/div><div class=\"rsContent\"><a class=\"rsImg\" data-rsw=\"2000\" data-rsh=\"1333\" data-rsBigImg=\"https:\/\/armintour.com\/wp-content\/uploads\/2023\/01\/Arzakan-Meghradzor_Sanctuary_024.jpg\" href=\"https:\/\/armintour.com\/wp-content\/uploads\/2023\/01\/Arzakan-Meghradzor_Sanctuary_024.jpg\"><span data-alt=\"\"><\/span><\/a><\/div><div class=\"rsContent\"><a class=\"rsImg\" data-rsw=\"1200\" data-rsh=\"800\" data-rsBigImg=\"https:\/\/armintour.com\/wp-content\/uploads\/2023\/01\/Bridge_on_Azat_River.jpg\" href=\"https:\/\/armintour.com\/wp-content\/uploads\/2023\/01\/Bridge_on_Azat_River.jpg\"><span data-alt=\"\"><\/span><\/a><\/div><div class=\"rsContent\"><a class=\"rsImg\" data-rsw=\"1200\" data-rsh=\"797\" data-rsBigImg=\"https:\/\/armintour.com\/wp-content\/uploads\/2023\/01\/1657956959_11-kartinkin-net-p-reka-araks-priroda-krasivo-foto-12.jpg\" href=\"https:\/\/armintour.com\/wp-content\/uploads\/2023\/01\/1657956959_11-kartinkin-net-p-reka-araks-priroda-krasivo-foto-12.jpg\"><span data-alt=\"\"><\/span><\/a><\/div><div class=\"rsContent\"><a class=\"rsImg\" data-rsw=\"1200\" data-rsh=\"783\" data-rsBigImg=\"https:\/\/armintour.com\/wp-content\/uploads\/2023\/01\/Monastery-of-Geghard-3.jpg\" href=\"https:\/\/armintour.com\/wp-content\/uploads\/2023\/01\/Monastery-of-Geghard-3.jpg\"><span data-alt=\"\"><\/span><\/a><\/div><div class=\"rsContent\"><a class=\"rsImg\" data-rsw=\"1117\" data-rsh=\"743\" data-rsBigImg=\"https:\/\/armintour.com\/wp-content\/uploads\/2023\/01\/Monastery-of-Geghard-1.jpg\" href=\"https:\/\/armintour.com\/wp-content\/uploads\/2023\/01\/Monastery-of-Geghard-1.jpg\"><span data-alt=\"\"><\/span><\/a><\/div><div class=\"rsContent\"><a class=\"rsImg\" data-rsw=\"1400\" data-rsh=\"930\" data-rsBigImg=\"https:\/\/armintour.com\/wp-content\/uploads\/2023\/01\/Tsakhkadzor-in-winter.jpg\" href=\"https:\/\/armintour.com\/wp-content\/uploads\/2023\/01\/Tsakhkadzor-in-winter.jpg\"><span data-alt=\"\"><\/span><\/a><\/div><div class=\"rsContent\"><a class=\"rsImg\" data-rsw=\"1679\" data-rsh=\"1121\" data-rsBigImg=\"https:\/\/armintour.com\/wp-content\/uploads\/2023\/01\/photo.jpg\" href=\"https:\/\/armintour.com\/wp-content\/uploads\/2023\/01\/photo.jpg\"><span data-alt=\"\"><\/span><\/a><\/div><div class=\"rsContent\"><a class=\"rsImg\" data-rsw=\"1080\" data-rsh=\"810\" data-rsBigImg=\"https:\/\/armintour.com\/wp-content\/uploads\/2023\/01\/Tsakhkadzor.jpg\" href=\"https:\/\/armintour.com\/wp-content\/uploads\/2023\/01\/Tsakhkadzor.jpg\"><span data-alt=\"\"><\/span><\/a><\/div><div class=\"rsContent\"><a class=\"rsImg\" data-rsw=\"1200\" data-rsh=\"1200\" data-rsBigImg=\"https:\/\/armintour.com\/wp-content\/uploads\/2023\/01\/Garni.jpg\" href=\"https:\/\/armintour.com\/wp-content\/uploads\/2023\/01\/Garni.jpg\"><span data-alt=\"\"><\/span><\/a><\/div><div class=\"rsContent\"><a class=\"rsImg\" data-rsw=\"1278\" data-rsh=\"919\" data-rsBigImg=\"https:\/\/armintour.com\/wp-content\/uploads\/2023\/01\/Tsakhkadzor-in-winter-1.jpg\" href=\"https:\/\/armintour.com\/wp-content\/uploads\/2023\/01\/Tsakhkadzor-in-winter-1.jpg\"><span data-alt=\"\"><\/span><\/a><\/div><div class=\"rsContent\"><a class=\"rsImg\" data-rsw=\"1200\" data-rsh=\"801\" data-rsBigImg=\"https:\/\/armintour.com\/wp-content\/uploads\/2023\/01\/Kotayk-2.jpg\" href=\"https:\/\/armintour.com\/wp-content\/uploads\/2023\/01\/Kotayk-2.jpg\"><span data-alt=\"\"><\/span><\/a><\/div><div class=\"rsContent\"><a class=\"rsImg\" data-rsw=\"1000\" data-rsh=\"1500\" data-rsBigImg=\"https:\/\/armintour.com\/wp-content\/uploads\/2023\/01\/Hrazdan_Centre_Memorial-church_-_panoramio.jpg\" href=\"https:\/\/armintour.com\/wp-content\/uploads\/2023\/01\/Hrazdan_Centre_Memorial-church_-_panoramio.jpg\"><span data-alt=\"\"><\/span><\/a><\/div><div class=\"rsContent\"><a class=\"rsImg\" data-rsw=\"1274\" data-rsh=\"850\" data-rsBigImg=\"https:\/\/armintour.com\/wp-content\/uploads\/2023\/01\/garni-1078607-1.jpg\" href=\"https:\/\/armintour.com\/wp-content\/uploads\/2023\/01\/garni-1078607-1.jpg\"><span data-alt=\"\"><\/span><\/a><\/div><\/div><img decoding=\"async\" src=\"https:\/\/armintour.com\/wp-content\/uploads\/2022\/12\/Garni-Roman-Temple.jpg\" width=\"1180\" height=\"787\" alt loading=\"lazy\"><\/div><div class=\"w-slider-json\" onclick='return {&quot;autoScaleSlider&quot;:true,&quot;addActiveClass&quot;:true,&quot;loop&quot;:true,&quot;fadeInLoadedSlide&quot;:false,&quot;slidesSpacing&quot;:0,&quot;imageScalePadding&quot;:0,&quot;numImagesToPreload&quot;:2,&quot;arrowsNav&quot;:false,&quot;arrowsNavAutoHide&quot;:false,&quot;transitionType&quot;:&quot;move&quot;,&quot;transitionSpeed&quot;:250,&quot;block&quot;:{&quot;moveEffect&quot;:&quot;none&quot;,&quot;speed&quot;:300},&quot;thumbs&quot;:{&quot;fitInViewport&quot;:false,&quot;firstMargin&quot;:false,&quot;spacing&quot;:4},&quot;controlNavigation&quot;:&quot;bullets&quot;,&quot;autoplay&quot;:{&quot;enabled&quot;:true,&quot;pauseOnHover&quot;:false,&quot;delay&quot;:3000},&quot;fullscreen&quot;:{&quot;enabled&quot;:true},&quot;autoScaleSliderWidth&quot;:1180,&quot;autoScaleSliderHeight&quot;:787}'><\/div><\/div><\/div><\/div><\/div><\/div><\/section>\n","protected":false},"excerpt":{"rendered":"2089 zona di km quadrati 99.779 ettari terreno agricolo compresi 39.608 ettari di terreno coltivabile Popolazione: 253,9 mila di persone (2016) A Nord della capital di Yerevan si trovab il Marz di Kotayk , con il centro di Hrazdan. Il nome di marz risale all\u2019antichit\u00e0, al periodo di Kt patriarca. La temperatura media estiva \u00e8...","protected":false},"author":1,"featured_media":16228,"parent":0,"menu_order":0,"comment_status":"closed","ping_status":"closed","template":"","meta":{"footnotes":""},"class_list":["post-16332","page","type-page","status-publish","has-post-thumbnail","hentry"],"_links":{"self":[{"href":"https:\/\/armintour.com\/it\/wp-json\/wp\/v2\/pages\/16332","targetHints":{"allow":["GET"]}}],"collection":[{"href":"https:\/\/armintour.com\/it\/wp-json\/wp\/v2\/pages"}],"about":[{"href":"https:\/\/armintour.com\/it\/wp-json\/wp\/v2\/types\/page"}],"author":[{"embeddable":true,"href":"https:\/\/armintour.com\/it\/wp-json\/wp\/v2\/users\/1"}],"replies":[{"embeddable":true,"href":"https:\/\/armintour.com\/it\/wp-json\/wp\/v2\/comments?post=16332"}],"version-history":[{"count":6,"href":"https:\/\/armintour.com\/it\/wp-json\/wp\/v2\/pages\/16332\/revisions"}],"predecessor-version":[{"id":24918,"href":"https:\/\/armintour.com\/it\/wp-json\/wp\/v2\/pages\/16332\/revisions\/24918"}],"wp:featuredmedia":[{"embeddable":true,"href":"https:\/\/armintour.com\/it\/wp-json\/wp\/v2\/media\/16228"}],"wp:attachment":[{"href":"https:\/\/armintour.com\/it\/wp-json\/wp\/v2\/media?parent=16332"}],"curies":[{"name":"wp","href":"https:\/\/api.w.org\/{rel}","templated":true}]}}