{"id":16747,"date":"2023-01-03T18:24:29","date_gmt":"2023-01-03T14:24:29","guid":{"rendered":"https:\/\/intour.lizin.am\/ararat-marz\/"},"modified":"2023-01-24T15:34:04","modified_gmt":"2023-01-24T11:34:04","slug":"ararat-marz","status":"publish","type":"page","link":"https:\/\/armintour.com\/it\/ararat-marz\/","title":{"rendered":"Ararat Marz"},"content":{"rendered":"<section class=\"l-section wpb_row height_small\"><div class=\"l-section-h i-cf\"><div class=\"g-cols vc_row via_grid cols_1 laptops-cols_inherit tablets-cols_inherit mobiles-cols_1 valign_top type_default stacking_default\"><div class=\"wpb_column vc_column_container\"><div class=\"vc_column-inner\"><div class=\"wpb_text_column\"><div class=\"wpb_wrapper\"><p>2096 zona di km quadrati<br \/>\n88.700 ettari terreno agricolo<br \/>\ncompresi 33.300 ettari di terreno coltivabile<br \/>\n<strong>Popolazione:<\/strong> 258,9 mila di persone (2016)<\/p>\n<\/div><\/div><\/div><\/div><\/div><\/div><\/section><section class=\"l-section wpb_row height_small\"><div class=\"l-section-h i-cf\"><div class=\"g-cols vc_row via_grid cols_1 laptops-cols_inherit tablets-cols_inherit mobiles-cols_1 valign_top type_default stacking_default\"><div class=\"wpb_column vc_column_container\"><div class=\"vc_column-inner\"><div class=\"wpb_text_column\"><div class=\"wpb_wrapper\"><p>Il Marz si trova nella parte occidentale dell\u2019Armenia, a sud di Yerevan. Il centro di marz \u00e8 Artashat. La strada principale che attraversa il territorio di marz lungo la riva sinistra del fiume Araks, il Monte Ararat (5165m) e il confine di Stato sulla destra. Il panorama impressionante del Monte Ararat, la sua altezza inaccessibile, e gli abissi profondi hanno avuto una grande influenza su Armenia ed \u00e8 diventato un oggetto di culto e della mitologia. Secondo la Bibbia, Ararat \u00e8 collegata con il nome di No\u00e8, il cui nome simboleggia la nuova storia dell\u2019umanit\u00e0.<br \/>\nIl valore principale e l\u2019attrattivit\u00e0 della regione \u00e8 il monastero di Khor Virap. Khor Virap, il sito del carcere reale, dove fu imprigionato San Gregorio l\u2019Illuminatore per tredici anni prima di convertire in Armenia la prima nazione cristiana nel 301. Guidati dalla maestosit\u00e0 biblica del Monte Ararat, si esplora il sito, i suoi sotterranei e le cappelle eleganti sono affascinati dall\u2019atmosfera ascetica del sito.<\/p>\n<\/div><\/div><\/div><\/div><\/div><\/div><\/section><section class=\"l-section wpb_row height_small\"><div class=\"l-section-h i-cf\"><div class=\"g-cols vc_row via_grid cols_1 laptops-cols_inherit tablets-cols_inherit mobiles-cols_1 valign_top type_default stacking_default\"><div class=\"wpb_column vc_column_container\"><div class=\"vc_column-inner\"><div class=\"w-slider style_none fit_contain nav_dots count_10\"><div class=\"w-slider-h\" aria-hidden=\"true\"><div class=\"royalSlider\"><div class=\"rsContent\"><a class=\"rsImg\" data-rsw=\"1280\" data-rsh=\"720\" data-rsBigImg=\"https:\/\/armintour.com\/wp-content\/uploads\/2023\/01\/maxresdefault_live.jpg\" href=\"https:\/\/armintour.com\/wp-content\/uploads\/2023\/01\/maxresdefault_live.jpg\"><span data-alt=\"\"><\/span><\/a><\/div><div class=\"rsContent\"><a class=\"rsImg\" data-rsw=\"1266\" data-rsh=\"861\" data-rsBigImg=\"https:\/\/armintour.com\/wp-content\/uploads\/2023\/01\/bc04f87b1442e82a9d7828879f80552b_XL.jpg\" href=\"https:\/\/armintour.com\/wp-content\/uploads\/2023\/01\/bc04f87b1442e82a9d7828879f80552b_XL.jpg\"><span data-alt=\"\"><\/span><\/a><\/div><div class=\"rsContent\"><a class=\"rsImg\" data-rsw=\"2000\" data-rsh=\"1183\" data-rsBigImg=\"https:\/\/armintour.com\/wp-content\/uploads\/2022\/12\/Khor-Virap-1.jpg\" href=\"https:\/\/armintour.com\/wp-content\/uploads\/2022\/12\/Khor-Virap-1.jpg\"><span data-alt=\"\"><\/span><\/a><\/div><div class=\"rsContent\"><a class=\"rsImg\" data-rsw=\"2000\" data-rsh=\"1023\" data-rsBigImg=\"https:\/\/armintour.com\/wp-content\/uploads\/2022\/12\/Khor-Virap-Armenia.jpg\" href=\"https:\/\/armintour.com\/wp-content\/uploads\/2022\/12\/Khor-Virap-Armenia.jpg\"><span data-alt=\"\"><\/span><\/a><\/div><div class=\"rsContent\"><a class=\"rsImg\" data-rsw=\"960\" data-rsh=\"640\" data-rsBigImg=\"https:\/\/armintour.com\/wp-content\/uploads\/2022\/12\/Khor-Virap.jpg\" href=\"https:\/\/armintour.com\/wp-content\/uploads\/2022\/12\/Khor-Virap.jpg\"><span data-alt=\"\"><\/span><\/a><\/div><div class=\"rsContent\"><a class=\"rsImg\" data-rsw=\"1200\" data-rsh=\"800\" data-rsBigImg=\"https:\/\/armintour.com\/wp-content\/uploads\/2023\/01\/Khor-Virap-Monastery-9.jpeg\" href=\"https:\/\/armintour.com\/wp-content\/uploads\/2023\/01\/Khor-Virap-Monastery-9.jpeg\"><span data-alt=\"\"><\/span><\/a><\/div><div class=\"rsContent\"><a class=\"rsImg\" data-rsw=\"1680\" data-rsh=\"1120\" data-rsBigImg=\"https:\/\/armintour.com\/wp-content\/uploads\/2023\/01\/Khor-Virap-Monastery-8.jpg\" href=\"https:\/\/armintour.com\/wp-content\/uploads\/2023\/01\/Khor-Virap-Monastery-8.jpg\"><span data-alt=\"\"><\/span><\/a><\/div><div class=\"rsContent\"><a class=\"rsImg\" data-rsw=\"1280\" data-rsh=\"960\" data-rsBigImg=\"https:\/\/armintour.com\/wp-content\/uploads\/2023\/01\/Khor-Virap-Monastery-7.jpg\" href=\"https:\/\/armintour.com\/wp-content\/uploads\/2023\/01\/Khor-Virap-Monastery-7.jpg\"><span data-alt=\"\"><\/span><\/a><\/div><div class=\"rsContent\"><a class=\"rsImg\" data-rsw=\"1239\" data-rsh=\"823\" data-rsBigImg=\"https:\/\/armintour.com\/wp-content\/uploads\/2022\/12\/Khor-Virap-2.jpg\" href=\"https:\/\/armintour.com\/wp-content\/uploads\/2022\/12\/Khor-Virap-2.jpg\"><span data-alt=\"\"><\/span><\/a><\/div><div class=\"rsContent\"><a class=\"rsImg\" data-rsw=\"1365\" data-rsh=\"1024\" data-rsBigImg=\"https:\/\/armintour.com\/wp-content\/uploads\/2023\/01\/kHor-Virap3-1365x1024-1.jpg\" href=\"https:\/\/armintour.com\/wp-content\/uploads\/2023\/01\/kHor-Virap3-1365x1024-1.jpg\"><span data-alt=\"\"><\/span><\/a><\/div><\/div><img decoding=\"async\" src=\"https:\/\/armintour.com\/wp-content\/uploads\/2023\/01\/maxresdefault_live.jpg\" width=\"1280\" height=\"720\" alt loading=\"lazy\"><\/div><div class=\"w-slider-json\" onclick='return {&quot;autoScaleSlider&quot;:true,&quot;addActiveClass&quot;:true,&quot;loop&quot;:true,&quot;fadeInLoadedSlide&quot;:false,&quot;slidesSpacing&quot;:0,&quot;imageScalePadding&quot;:0,&quot;numImagesToPreload&quot;:2,&quot;arrowsNav&quot;:false,&quot;arrowsNavAutoHide&quot;:false,&quot;transitionType&quot;:&quot;move&quot;,&quot;transitionSpeed&quot;:250,&quot;block&quot;:{&quot;moveEffect&quot;:&quot;none&quot;,&quot;speed&quot;:300},&quot;thumbs&quot;:{&quot;fitInViewport&quot;:false,&quot;firstMargin&quot;:false,&quot;spacing&quot;:4},&quot;controlNavigation&quot;:&quot;bullets&quot;,&quot;autoplay&quot;:{&quot;enabled&quot;:true,&quot;pauseOnHover&quot;:false,&quot;delay&quot;:3000},&quot;fullscreen&quot;:{&quot;enabled&quot;:true},&quot;autoScaleSliderWidth&quot;:1280,&quot;autoScaleSliderHeight&quot;:720}'><\/div><\/div><\/div><\/div><\/div><\/div><\/section>\n","protected":false},"excerpt":{"rendered":"2096 zona di km quadrati 88.700 ettari terreno agricolo compresi 33.300 ettari di terreno coltivabile Popolazione: 258,9 mila di persone (2016) Il Marz si trova nella parte occidentale dell\u2019Armenia, a sud di Yerevan. Il centro di marz \u00e8 Artashat. La strada principale che attraversa il territorio di marz lungo la riva sinistra del fiume Araks,...","protected":false},"author":1,"featured_media":1817,"parent":0,"menu_order":0,"comment_status":"closed","ping_status":"closed","template":"","meta":{"footnotes":""},"class_list":["post-16747","page","type-page","status-publish","has-post-thumbnail","hentry"],"_links":{"self":[{"href":"https:\/\/armintour.com\/it\/wp-json\/wp\/v2\/pages\/16747","targetHints":{"allow":["GET"]}}],"collection":[{"href":"https:\/\/armintour.com\/it\/wp-json\/wp\/v2\/pages"}],"about":[{"href":"https:\/\/armintour.com\/it\/wp-json\/wp\/v2\/types\/page"}],"author":[{"embeddable":true,"href":"https:\/\/armintour.com\/it\/wp-json\/wp\/v2\/users\/1"}],"replies":[{"embeddable":true,"href":"https:\/\/armintour.com\/it\/wp-json\/wp\/v2\/comments?post=16747"}],"version-history":[{"count":2,"href":"https:\/\/armintour.com\/it\/wp-json\/wp\/v2\/pages\/16747\/revisions"}],"predecessor-version":[{"id":24922,"href":"https:\/\/armintour.com\/it\/wp-json\/wp\/v2\/pages\/16747\/revisions\/24922"}],"wp:featuredmedia":[{"embeddable":true,"href":"https:\/\/armintour.com\/it\/wp-json\/wp\/v2\/media\/1817"}],"wp:attachment":[{"href":"https:\/\/armintour.com\/it\/wp-json\/wp\/v2\/media?parent=16747"}],"curies":[{"name":"wp","href":"https:\/\/api.w.org\/{rel}","templated":true}]}}